{"id":2755,"date":"2022-07-09T10:13:56","date_gmt":"2022-07-09T03:13:56","guid":{"rendered":"https:\/\/mekongxanh.vn\/?page_id=2755"},"modified":"2022-07-11T09:46:27","modified_gmt":"2022-07-11T02:46:27","slug":"cong-nghe-tai-su-dung-nuoc-thai","status":"publish","type":"page","link":"https:\/\/mekongxanh.vn\/en\/dich-vu\/cong-nghe-tai-su-dung-nuoc-thai\/","title":{"rendered":"Wastewater reuse technology"},"content":{"rendered":"<div data-elementor-type=\"wp-page\" data-elementor-id=\"2755\" class=\"elementor elementor-2755\" data-elementor-post-type=\"page\">\n\t\t\t\t\t\t<section class=\"elementor-section elementor-top-section elementor-element elementor-element-682ae004 elementor-section-height-min-height elementor-section-boxed elementor-section-height-default elementor-section-items-middle\" data-id=\"682ae004\" data-element_type=\"section\" data-settings=\"{&quot;jet_parallax_layout_list&quot;:[],&quot;background_background&quot;:&quot;classic&quot;}\">\n\t\t\t\t\t\t<div class=\"elementor-container elementor-column-gap-default\">\n\t\t\t\t\t<div class=\"elementor-column elementor-col-50 elementor-top-column elementor-element elementor-element-50479e13\" data-id=\"50479e13\" data-element_type=\"column\">\n\t\t\t<div class=\"elementor-widget-wrap elementor-element-populated\">\n\t\t\t\t\t\t<div class=\"elementor-element elementor-element-7bc6b71d elementor-widget elementor-widget-woocommerce-breadcrumb\" data-id=\"7bc6b71d\" data-element_type=\"widget\" data-widget_type=\"woocommerce-breadcrumb.default\">\n\t\t\t\t<div class=\"elementor-widget-container\">\n\t\t\t\t\t<nav class=\"woocommerce-breadcrumb\" aria-label=\"Breadcrumb\" data-no-translation=\"\" data-trp-gettext=\"\">Home<\/nav>\t\t\t\t<\/div>\n\t\t\t\t<\/div>\n\t\t\t\t\t<\/div>\n\t\t<\/div>\n\t\t\t\t<div class=\"elementor-column elementor-col-50 elementor-top-column elementor-element elementor-element-68e01d5b\" data-id=\"68e01d5b\" data-element_type=\"column\">\n\t\t\t<div class=\"elementor-widget-wrap elementor-element-populated\">\n\t\t\t\t\t\t\t<\/div>\n\t\t<\/div>\n\t\t\t\t\t<\/div>\n\t\t<\/section>\n\t\t\t\t<section class=\"elementor-section elementor-top-section elementor-element elementor-element-73525aa0 elementor-section-boxed elementor-section-height-default elementor-section-height-default\" data-id=\"73525aa0\" data-element_type=\"section\" data-settings=\"{&quot;jet_parallax_layout_list&quot;:[]}\">\n\t\t\t\t\t\t<div class=\"elementor-container elementor-column-gap-default\">\n\t\t\t\t\t<div class=\"elementor-column elementor-col-50 elementor-top-column elementor-element elementor-element-484f8347\" data-id=\"484f8347\" data-element_type=\"column\">\n\t\t\t<div class=\"elementor-widget-wrap elementor-element-populated\">\n\t\t\t\t\t\t<div class=\"elementor-element elementor-element-b5bfe0e elementor-nav-menu__text-align-aside elementor-widget elementor-widget-global elementor-global-2776 elementor-widget-nav-menu\" data-id=\"b5bfe0e\" data-element_type=\"widget\" data-settings=\"{&quot;layout&quot;:&quot;dropdown&quot;,&quot;submenu_icon&quot;:{&quot;value&quot;:&quot;fas fa-chevron-right&quot;,&quot;library&quot;:&quot;fa-solid&quot;},&quot;sticky&quot;:&quot;top&quot;,&quot;sticky_offset&quot;:190,&quot;sticky_parent&quot;:&quot;yes&quot;,&quot;sticky_on&quot;:[&quot;desktop&quot;,&quot;tablet&quot;,&quot;mobile&quot;],&quot;sticky_effects_offset&quot;:0,&quot;sticky_anchor_link_offset&quot;:0}\" data-widget_type=\"nav-menu.default\">\n\t\t\t\t<div class=\"elementor-widget-container\">\n\t\t\t\t\t\t\t\t<nav class=\"elementor-nav-menu--dropdown elementor-nav-menu__container\" aria-hidden=\"true\">\n\t\t\t\t<ul id=\"menu-2-b5bfe0e\" class=\"elementor-nav-menu\"><li class=\"menu-item menu-item-type-post_type menu-item-object-page menu-item-1125\"><a href=\"https:\/\/mekongxanh.vn\/en\/dich-vu\/cong-nghe-xu-ly-hoa-ly\/\" class=\"elementor-item menu-link\" tabindex=\"-1\">Physical \u2013 Chemical treatment process<\/a><\/li>\n<li class=\"menu-item menu-item-type-post_type menu-item-object-page menu-item-1126\"><a href=\"https:\/\/mekongxanh.vn\/en\/dich-vu\/cong-nghe-xu-ly-sinh-hoc\/\" class=\"elementor-item menu-link\" tabindex=\"-1\">Biological treatment process<\/a><\/li>\n<li class=\"menu-item menu-item-type-post_type menu-item-object-page menu-item-1127\"><a href=\"https:\/\/mekongxanh.vn\/en\/dich-vu\/cong-nghe-xu-ly-nuoc-sach\/\" class=\"elementor-item menu-link\" tabindex=\"-1\">Water Treatment Process<\/a><\/li>\n<li class=\"menu-item menu-item-type-post_type menu-item-object-page menu-item-2761\"><a href=\"https:\/\/mekongxanh.vn\/en\/dich-vu\/cong-nghe-tai-su-dung-nuoc-thai\/\" class=\"elementor-item menu-link\" tabindex=\"-1\">Wastewater reuse technology<\/a><\/li>\n<\/ul>\t\t\t<\/nav>\n\t\t\t\t\t\t<\/div>\n\t\t\t\t<\/div>\n\t\t\t\t\t<\/div>\n\t\t<\/div>\n\t\t\t\t<div class=\"elementor-column elementor-col-50 elementor-top-column elementor-element elementor-element-71f315e\" data-id=\"71f315e\" data-element_type=\"column\">\n\t\t\t<div class=\"elementor-widget-wrap elementor-element-populated\">\n\t\t\t\t\t\t<section class=\"elementor-section elementor-inner-section elementor-element elementor-element-18d54fd1 elementor-section-boxed elementor-section-height-default elementor-section-height-default\" data-id=\"18d54fd1\" data-element_type=\"section\" data-settings=\"{&quot;jet_parallax_layout_list&quot;:[]}\">\n\t\t\t\t\t\t<div class=\"elementor-container elementor-column-gap-default\">\n\t\t\t\t\t<div class=\"elementor-column elementor-col-100 elementor-inner-column elementor-element elementor-element-26020166\" data-id=\"26020166\" data-element_type=\"column\">\n\t\t\t<div class=\"elementor-widget-wrap elementor-element-populated\">\n\t\t\t\t\t\t<div class=\"elementor-element elementor-element-791e3056 elementor-nav-menu--stretch elementor-widget-tablet__width-auto elementor-hidden-desktop elementor-hidden-tablet elementor-hidden-mobile elementor-nav-menu__text-align-aside elementor-nav-menu--toggle elementor-nav-menu--burger elementor-widget elementor-widget-nav-menu\" data-id=\"791e3056\" data-element_type=\"widget\" data-settings=\"{&quot;layout&quot;:&quot;dropdown&quot;,&quot;submenu_icon&quot;:{&quot;value&quot;:&quot;&lt;i class=\\&quot;fas fa-chevron-right\\&quot;&gt;&lt;\\\/i&gt;&quot;,&quot;library&quot;:&quot;fa-solid&quot;},&quot;sticky&quot;:&quot;top&quot;,&quot;sticky_offset&quot;:20,&quot;full_width&quot;:&quot;stretch&quot;,&quot;sticky_offset_tablet&quot;:0,&quot;sticky_effects_offset_tablet&quot;:0,&quot;toggle&quot;:&quot;burger&quot;,&quot;sticky_on&quot;:[&quot;desktop&quot;,&quot;tablet&quot;,&quot;mobile&quot;],&quot;sticky_effects_offset&quot;:0,&quot;sticky_anchor_link_offset&quot;:0}\" data-widget_type=\"nav-menu.default\">\n\t\t\t\t<div class=\"elementor-widget-container\">\n\t\t\t\t\t\t\t<div class=\"elementor-menu-toggle\" role=\"button\" tabindex=\"0\" aria-label=\"Toggle menu\" aria-expanded=\"false\">\n\t\t\t<i aria-hidden=\"true\" role=\"presentation\" class=\"elementor-menu-toggle__icon--open eicon-menu-bar\"><\/i><i aria-hidden=\"true\" role=\"presentation\" class=\"elementor-menu-toggle__icon--close eicon-close\"><\/i>\t\t<\/div>\n\t\t\t\t\t<nav class=\"elementor-nav-menu--dropdown elementor-nav-menu__container\" aria-hidden=\"true\">\n\t\t\t\t<ul id=\"menu-2-791e3056\" class=\"elementor-nav-menu\"><li class=\"menu-item menu-item-type-custom menu-item-object-custom menu-item-1129\"><a href=\"#be_tuyen_noi\" class=\"elementor-item elementor-item-anchor menu-link\" tabindex=\"-1\">PROCESSING PROCEDUCTION \u2013 COLLECTION PROCESS<\/a><\/li>\n<li class=\"menu-item menu-item-type-custom menu-item-object-custom menu-item-1128\"><a href=\"#be_lang\" class=\"elementor-item elementor-item-anchor menu-link\" tabindex=\"-1\">CLARIFIER<\/a><\/li>\n<li class=\"menu-item menu-item-type-custom menu-item-object-custom menu-item-1130\"><a href=\"#quy_trinh_keo_tu\" class=\"elementor-item elementor-item-anchor menu-link\" tabindex=\"-1\">DAF<\/a><\/li>\n<\/ul>\t\t\t<\/nav>\n\t\t\t\t\t\t<\/div>\n\t\t\t\t<\/div>\n\t\t\t\t\t<\/div>\n\t\t<\/div>\n\t\t\t\t\t<\/div>\n\t\t<\/section>\n\t\t\t\t<section class=\"elementor-section elementor-inner-section elementor-element elementor-element-46a8cc2b elementor-section-boxed elementor-section-height-default elementor-section-height-default\" data-id=\"46a8cc2b\" data-element_type=\"section\" data-settings=\"{&quot;jet_parallax_layout_list&quot;:[]}\">\n\t\t\t\t\t\t<div class=\"elementor-container elementor-column-gap-default\">\n\t\t\t\t\t<div class=\"elementor-column elementor-col-100 elementor-inner-column elementor-element elementor-element-609409b5\" data-id=\"609409b5\" data-element_type=\"column\">\n\t\t\t<div class=\"elementor-widget-wrap elementor-element-populated\">\n\t\t\t\t\t\t<div class=\"elementor-element elementor-element-735c6053 elementor-widget__width-initial css_vien_t elementor-widget-mobile__width-inherit elementor-widget elementor-widget-heading\" data-id=\"735c6053\" data-element_type=\"widget\" data-widget_type=\"heading.default\">\n\t\t\t\t<div class=\"elementor-widget-container\">\n\t\t\t\t\t<h2 class=\"elementor-heading-title elementor-size-default\">GENERAL INTRODUCTION<\/h2>\t\t\t\t<\/div>\n\t\t\t\t<\/div>\n\t\t\t\t<div class=\"elementor-element elementor-element-4177adc5 elementor-widget elementor-widget-text-editor\" data-id=\"4177adc5\" data-element_type=\"widget\" data-widget_type=\"text-editor.default\">\n\t\t\t\t<div class=\"elementor-widget-container\">\n\t\t\t\t\t\t\t\t\t<p style=\"text-align: justify;\">The reuse of wastewater after treatment is usually done at a higher stage of treatment, with the main treatment principle based on membrane filtration technology.<br><span style=\"font-style: inherit; font-weight: inherit; background-color: var(--ast-global-color-5);\">Depending on the purpose of reuse and the quality requirements of the treated water, determine which type of membrane is applied.<br><\/span><span style=\"font-style: inherit; font-weight: inherit; background-color: var(--ast-global-color-5);\">Below are the technical characteristics of the membranes used in water reuse technology.<\/span><\/p>\t\t\t\t\t\t\t\t<\/div>\n\t\t\t\t<\/div>\n\t\t\t\t<div class=\"elementor-element elementor-element-19213da elementor-widget-divider--view-line elementor-widget elementor-widget-divider\" data-id=\"19213da\" data-element_type=\"widget\" data-widget_type=\"divider.default\">\n\t\t\t\t<div class=\"elementor-widget-container\">\n\t\t\t\t\t\t\t<div class=\"elementor-divider\">\n\t\t\t<span class=\"elementor-divider-separator\">\n\t\t\t\t\t\t<\/span>\n\t\t<\/div>\n\t\t\t\t\t\t<\/div>\n\t\t\t\t<\/div>\n\t\t\t\t\t<\/div>\n\t\t<\/div>\n\t\t\t\t\t<\/div>\n\t\t<\/section>\n\t\t\t\t<section class=\"elementor-section elementor-inner-section elementor-element elementor-element-8cd18dd elementor-section-boxed elementor-section-height-default elementor-section-height-default\" data-id=\"8cd18dd\" data-element_type=\"section\" data-settings=\"{&quot;jet_parallax_layout_list&quot;:[]}\">\n\t\t\t\t\t\t<div class=\"elementor-container elementor-column-gap-default\">\n\t\t\t\t\t<div class=\"elementor-column elementor-col-100 elementor-inner-column elementor-element elementor-element-2fbc31ac\" data-id=\"2fbc31ac\" data-element_type=\"column\">\n\t\t\t<div class=\"elementor-widget-wrap elementor-element-populated\">\n\t\t\t\t\t\t<div class=\"elementor-element elementor-element-6c12fa0c elementor-widget__width-initial css_vien_t elementor-widget-mobile__width-inherit elementor-widget elementor-widget-heading\" data-id=\"6c12fa0c\" data-element_type=\"widget\" data-widget_type=\"heading.default\">\n\t\t\t\t<div class=\"elementor-widget-container\">\n\t\t\t\t\t<h2 class=\"elementor-heading-title elementor-size-default\">MICROMET FILTER (MF) AND ULTRA FILTER (UF)<\/h2>\t\t\t\t<\/div>\n\t\t\t\t<\/div>\n\t\t\t\t<div class=\"elementor-element elementor-element-549d1554 elementor-widget elementor-widget-text-editor\" data-id=\"549d1554\" data-element_type=\"widget\" data-widget_type=\"text-editor.default\">\n\t\t\t\t<div class=\"elementor-widget-container\">\n\t\t\t\t\t\t\t\t\t<p style=\"text-align: justify;\">Membranes MF and UF are used to separate suspended solids and suspensions from water by membrane technology with pore sizes in the range of 20nm - 5\u00b5m under low pressure. This filtration system acts as a safety step for the rear RO system (if applicable). The common application of this membrane is MBR technology (see more in section\u00a0<a href=\"https:\/\/mekongxanh.vn\/en\/dich-vu\/cong-nghe-xu-ly-sinh-hoc\/\"><strong>Biological treatment process<\/strong><\/a>\u00a0and\u00a0<a href=\"https:\/\/mekongxanh.vn\/en\/dich-vu\/cong-nghe-tai-su-dung-nuoc-thai\/\"><strong>Wastewater reuse technology<\/strong><\/a>).<\/p><p style=\"text-align: justify;\">Application in reuse: the treated wastewater can be reused for road washing, car washing, irrigation, toilet flushing.<\/p>\t\t\t\t\t\t\t\t<\/div>\n\t\t\t\t<\/div>\n\t\t\t\t<div class=\"elementor-element elementor-element-325e7ff4 elementor-widget-divider--view-line elementor-widget elementor-widget-divider\" data-id=\"325e7ff4\" data-element_type=\"widget\" data-widget_type=\"divider.default\">\n\t\t\t\t<div class=\"elementor-widget-container\">\n\t\t\t\t\t\t\t<div class=\"elementor-divider\">\n\t\t\t<span class=\"elementor-divider-separator\">\n\t\t\t\t\t\t<\/span>\n\t\t<\/div>\n\t\t\t\t\t\t<\/div>\n\t\t\t\t<\/div>\n\t\t\t\t\t<\/div>\n\t\t<\/div>\n\t\t\t\t\t<\/div>\n\t\t<\/section>\n\t\t\t\t<section class=\"elementor-section elementor-inner-section elementor-element elementor-element-63b0e2fb elementor-hidden-desktop elementor-section-boxed elementor-section-height-default elementor-section-height-default\" data-id=\"63b0e2fb\" data-element_type=\"section\" data-settings=\"{&quot;jet_parallax_layout_list&quot;:[]}\">\n\t\t\t\t\t\t<div class=\"elementor-container elementor-column-gap-default\">\n\t\t\t\t\t<div class=\"elementor-column elementor-col-100 elementor-inner-column elementor-element elementor-element-d9e509f\" data-id=\"d9e509f\" data-element_type=\"column\">\n\t\t\t<div class=\"elementor-widget-wrap elementor-element-populated\">\n\t\t\t\t\t\t<div class=\"elementor-element elementor-element-2d36d5f4 elementor-nav-menu__text-align-aside elementor-widget elementor-widget-nav-menu\" data-id=\"2d36d5f4\" data-element_type=\"widget\" data-settings=\"{&quot;layout&quot;:&quot;dropdown&quot;,&quot;submenu_icon&quot;:{&quot;value&quot;:&quot;&lt;i class=\\&quot;fas fa-chevron-right\\&quot;&gt;&lt;\\\/i&gt;&quot;,&quot;library&quot;:&quot;fa-solid&quot;}}\" data-widget_type=\"nav-menu.default\">\n\t\t\t\t<div class=\"elementor-widget-container\">\n\t\t\t\t\t\t\t\t<nav class=\"elementor-nav-menu--dropdown elementor-nav-menu__container\" aria-hidden=\"true\">\n\t\t\t\t<ul id=\"menu-2-2d36d5f4\" class=\"elementor-nav-menu\"><li class=\"menu-item menu-item-type-post_type menu-item-object-page menu-item-1125\"><a href=\"https:\/\/mekongxanh.vn\/en\/dich-vu\/cong-nghe-xu-ly-hoa-ly\/\" class=\"elementor-item menu-link\" tabindex=\"-1\">Physical \u2013 Chemical treatment process<\/a><\/li>\n<li class=\"menu-item menu-item-type-post_type menu-item-object-page menu-item-1126\"><a href=\"https:\/\/mekongxanh.vn\/en\/dich-vu\/cong-nghe-xu-ly-sinh-hoc\/\" class=\"elementor-item menu-link\" tabindex=\"-1\">Biological treatment process<\/a><\/li>\n<li class=\"menu-item menu-item-type-post_type menu-item-object-page menu-item-1127\"><a href=\"https:\/\/mekongxanh.vn\/en\/dich-vu\/cong-nghe-xu-ly-nuoc-sach\/\" class=\"elementor-item menu-link\" tabindex=\"-1\">Water Treatment Process<\/a><\/li>\n<li class=\"menu-item menu-item-type-post_type menu-item-object-page menu-item-2761\"><a href=\"https:\/\/mekongxanh.vn\/en\/dich-vu\/cong-nghe-tai-su-dung-nuoc-thai\/\" class=\"elementor-item menu-link\" tabindex=\"-1\">Wastewater reuse technology<\/a><\/li>\n<\/ul>\t\t\t<\/nav>\n\t\t\t\t\t\t<\/div>\n\t\t\t\t<\/div>\n\t\t\t\t\t<\/div>\n\t\t<\/div>\n\t\t\t\t\t<\/div>\n\t\t<\/section>\n\t\t\t\t\t<\/div>\n\t\t<\/div>\n\t\t\t\t\t<\/div>\n\t\t<\/section>\n\t\t\t\t<\/div>","protected":false},"excerpt":{"rendered":"<p>GENERAL INTRODUCTION Reusing wastewater after treatment is often done at the high-level treatment stage, with the main treatment principle based on membrane filtration technology. Depending on the reuse purpose and post-treated water quality requirements, determine the type...<\/p>\n<p class=\"read-more\"> <a class=\"\" href=\"https:\/\/mekongxanh.vn\/en\/dich-vu\/cong-nghe-tai-su-dung-nuoc-thai\/\"> <span class=\"screen-reader-text\">Wastewater reuse technology<\/span> Read More \u00bb<\/a><\/p>","protected":false},"author":1,"featured_media":0,"parent":22,"menu_order":0,"comment_status":"closed","ping_status":"closed","template":"elementor_header_footer","meta":{"site-sidebar-layout":"no-sidebar","site-content-layout":"page-builder","ast-global-header-display":"","ast-main-header-display":"","ast-hfb-above-header-display":"","ast-hfb-below-header-display":"","ast-hfb-mobile-header-display":"","site-post-title":"disabled","ast-breadcrumbs-content":"","ast-featured-img":"disabled","footer-sml-layout":"","theme-transparent-header-meta":"default","adv-header-id-meta":"","stick-header-meta":"default","header-above-stick-meta":"","header-main-stick-meta":"","header-below-stick-meta":"","footnotes":""},"class_list":["post-2755","page","type-page","status-publish","hentry"],"yoast_head":"<!-- This site is optimized with the Yoast SEO plugin v24.0 - https:\/\/yoast.com\/wordpress\/plugins\/seo\/ -->\n<title>C\u00f4ng ngh\u1ec7 t\u00e1i s\u1eed d\u1ee5ng n\u01b0\u1edbc th\u1ea3i - C\u00f4ng ty C\u1ed5 ph\u1ea7n M\u00f4i tr\u01b0\u1eddng M\u00ea K\u00f4ng Xanh<\/title>\n<meta name=\"robots\" content=\"index, follow, max-snippet:-1, max-image-preview:large, max-video-preview:-1\" \/>\n<link rel=\"canonical\" href=\"https:\/\/mekongxanh.vn\/en\/dich-vu\/cong-nghe-tai-su-dung-nuoc-thai\/\" \/>\n<meta property=\"og:locale\" content=\"en_US\" \/>\n<meta property=\"og:type\" content=\"article\" \/>\n<meta property=\"og:title\" content=\"C\u00f4ng ngh\u1ec7 t\u00e1i s\u1eed d\u1ee5ng n\u01b0\u1edbc th\u1ea3i - C\u00f4ng ty C\u1ed5 ph\u1ea7n M\u00f4i tr\u01b0\u1eddng M\u00ea K\u00f4ng Xanh\" \/>\n<meta property=\"og:description\" content=\"GI\u1edaI THI\u1ec6U CHUNG Vi\u1ec7c t\u00e1i s\u1eed d\u1ee5ng n\u01b0\u1edbc th\u1ea3i sau x\u1eed l\u00fd th\u01b0\u1eddng \u0111\u01b0\u1ee3c th\u1ef1c hi\u1ec7n t\u1ea1i c\u00f4ng \u0111o\u1ea1n x\u1eed l\u00fd b\u1eadc cao, v\u1edbi nguy\u00ean l\u00fd x\u1eed l\u00fd ch\u00ednh d\u1ef1a tr\u00ean c\u00f4ng ngh\u1ec7 l\u1ecdc m\u00e0ng. T\u00f9y v\u00e0o m\u1ee5c \u0111\u00edch t\u00e1i s\u1eed d\u1ee5ng v\u00e0 y\u00eau c\u1ea7u ch\u1ea5t l\u01b0\u1ee3ng n\u01b0\u1edbc sau x\u1eed l\u00fd m\u00e0 x\u00e1c \u0111\u1ecbnh lo\u1ea1i &hellip; C\u00f4ng ngh\u1ec7 t\u00e1i s\u1eed d\u1ee5ng n\u01b0\u1edbc th\u1ea3i Read More \u00bb\" \/>\n<meta property=\"og:url\" content=\"https:\/\/mekongxanh.vn\/en\/dich-vu\/cong-nghe-tai-su-dung-nuoc-thai\/\" \/>\n<meta property=\"og:site_name\" content=\"C\u00f4ng ty C\u1ed5 ph\u1ea7n M\u00f4i tr\u01b0\u1eddng M\u00ea K\u00f4ng Xanh\" \/>\n<meta property=\"article:publisher\" content=\"https:\/\/www.facebook.com\/Cng-Ty-C-Phn-Mi-Trng-M-Kng-Xanh-111883474894318\" \/>\n<meta property=\"article:modified_time\" content=\"2022-07-11T02:46:27+00:00\" \/>\n<meta name=\"twitter:card\" content=\"summary_large_image\" \/>\n<meta name=\"twitter:label1\" content=\"Est. reading time\" \/>\n\t<meta name=\"twitter:data1\" content=\"2 minutes\" \/>\n<script type=\"application\/ld+json\" class=\"yoast-schema-graph\">{\"@context\":\"https:\/\/schema.org\",\"@graph\":[{\"@type\":\"WebPage\",\"@id\":\"https:\/\/mekongxanh.vn\/dich-vu\/cong-nghe-tai-su-dung-nuoc-thai\/\",\"url\":\"https:\/\/mekongxanh.vn\/dich-vu\/cong-nghe-tai-su-dung-nuoc-thai\/\",\"name\":\"C\u00f4ng ngh\u1ec7 t\u00e1i s\u1eed d\u1ee5ng n\u01b0\u1edbc th\u1ea3i - C\u00f4ng ty C\u1ed5 ph\u1ea7n M\u00f4i tr\u01b0\u1eddng M\u00ea K\u00f4ng Xanh\",\"isPartOf\":{\"@id\":\"https:\/\/mekongxanh.vn\/#website\"},\"datePublished\":\"2022-07-09T03:13:56+00:00\",\"dateModified\":\"2022-07-11T02:46:27+00:00\",\"breadcrumb\":{\"@id\":\"https:\/\/mekongxanh.vn\/dich-vu\/cong-nghe-tai-su-dung-nuoc-thai\/#breadcrumb\"},\"inLanguage\":\"en-US\",\"potentialAction\":[{\"@type\":\"ReadAction\",\"target\":[\"https:\/\/mekongxanh.vn\/dich-vu\/cong-nghe-tai-su-dung-nuoc-thai\/\"]}]},{\"@type\":\"BreadcrumbList\",\"@id\":\"https:\/\/mekongxanh.vn\/dich-vu\/cong-nghe-tai-su-dung-nuoc-thai\/#breadcrumb\",\"itemListElement\":[{\"@type\":\"ListItem\",\"position\":1,\"name\":\"Trang ch\u1ee7\",\"item\":\"https:\/\/mekongxanh.vn\/\"},{\"@type\":\"ListItem\",\"position\":2,\"name\":\"D\u1ecbch v\u1ee5\",\"item\":\"https:\/\/mekongxanh.vn\/dich-vu\/\"},{\"@type\":\"ListItem\",\"position\":3,\"name\":\"C\u00f4ng ngh\u1ec7 t\u00e1i s\u1eed d\u1ee5ng n\u01b0\u1edbc th\u1ea3i\"}]},{\"@type\":\"WebSite\",\"@id\":\"https:\/\/mekongxanh.vn\/#website\",\"url\":\"https:\/\/mekongxanh.vn\/\",\"name\":\"C\u00f4ng ty C\u1ed5 ph\u1ea7n M\u00f4i tr\u01b0\u1eddng M\u00ea K\u00f4ng Xanh\",\"description\":\"\",\"publisher\":{\"@id\":\"https:\/\/mekongxanh.vn\/#organization\"},\"potentialAction\":[{\"@type\":\"SearchAction\",\"target\":{\"@type\":\"EntryPoint\",\"urlTemplate\":\"https:\/\/mekongxanh.vn\/?s={search_term_string}\"},\"query-input\":{\"@type\":\"PropertyValueSpecification\",\"valueRequired\":true,\"valueName\":\"search_term_string\"}}],\"inLanguage\":\"en-US\"},{\"@type\":\"Organization\",\"@id\":\"https:\/\/mekongxanh.vn\/#organization\",\"name\":\"C\u00f4ng Ty C\u1ed5 Ph\u1ea7n M\u00f4i Tr\u01b0\u1eddng M\u00ea K\u00f4ng Xanh\",\"url\":\"https:\/\/mekongxanh.vn\/\",\"logo\":{\"@type\":\"ImageObject\",\"inLanguage\":\"en-US\",\"@id\":\"https:\/\/mekongxanh.vn\/#\/schema\/logo\/image\/\",\"url\":\"https:\/\/mekongxanh.vn\/wp-content\/uploads\/2022\/05\/LOGO-MOI.png\",\"contentUrl\":\"https:\/\/mekongxanh.vn\/wp-content\/uploads\/2022\/05\/LOGO-MOI.png\",\"width\":2977,\"height\":897,\"caption\":\"C\u00f4ng Ty C\u1ed5 Ph\u1ea7n M\u00f4i Tr\u01b0\u1eddng M\u00ea K\u00f4ng Xanh\"},\"image\":{\"@id\":\"https:\/\/mekongxanh.vn\/#\/schema\/logo\/image\/\"},\"sameAs\":[\"https:\/\/www.facebook.com\/Cng-Ty-C-Phn-Mi-Trng-M-Kng-Xanh-111883474894318\"]}]}<\/script>\n<!-- \/ Yoast SEO plugin. -->","yoast_head_json":{"title":"C\u00f4ng ngh\u1ec7 t\u00e1i s\u1eed d\u1ee5ng n\u01b0\u1edbc th\u1ea3i - C\u00f4ng ty C\u1ed5 ph\u1ea7n M\u00f4i tr\u01b0\u1eddng M\u00ea K\u00f4ng Xanh","robots":{"index":"index","follow":"follow","max-snippet":"max-snippet:-1","max-image-preview":"max-image-preview:large","max-video-preview":"max-video-preview:-1"},"canonical":"https:\/\/mekongxanh.vn\/en\/dich-vu\/cong-nghe-tai-su-dung-nuoc-thai\/","og_locale":"en_US","og_type":"article","og_title":"C\u00f4ng ngh\u1ec7 t\u00e1i s\u1eed d\u1ee5ng n\u01b0\u1edbc th\u1ea3i - C\u00f4ng ty C\u1ed5 ph\u1ea7n M\u00f4i tr\u01b0\u1eddng M\u00ea K\u00f4ng Xanh","og_description":"GI\u1edaI THI\u1ec6U CHUNG Vi\u1ec7c t\u00e1i s\u1eed d\u1ee5ng n\u01b0\u1edbc th\u1ea3i sau x\u1eed l\u00fd th\u01b0\u1eddng \u0111\u01b0\u1ee3c th\u1ef1c hi\u1ec7n t\u1ea1i c\u00f4ng \u0111o\u1ea1n x\u1eed l\u00fd b\u1eadc cao, v\u1edbi nguy\u00ean l\u00fd x\u1eed l\u00fd ch\u00ednh d\u1ef1a tr\u00ean c\u00f4ng ngh\u1ec7 l\u1ecdc m\u00e0ng. T\u00f9y v\u00e0o m\u1ee5c \u0111\u00edch t\u00e1i s\u1eed d\u1ee5ng v\u00e0 y\u00eau c\u1ea7u ch\u1ea5t l\u01b0\u1ee3ng n\u01b0\u1edbc sau x\u1eed l\u00fd m\u00e0 x\u00e1c \u0111\u1ecbnh lo\u1ea1i &hellip; C\u00f4ng ngh\u1ec7 t\u00e1i s\u1eed d\u1ee5ng n\u01b0\u1edbc th\u1ea3i Read More \u00bb","og_url":"https:\/\/mekongxanh.vn\/en\/dich-vu\/cong-nghe-tai-su-dung-nuoc-thai\/","og_site_name":"C\u00f4ng ty C\u1ed5 ph\u1ea7n M\u00f4i tr\u01b0\u1eddng M\u00ea K\u00f4ng Xanh","article_publisher":"https:\/\/www.facebook.com\/Cng-Ty-C-Phn-Mi-Trng-M-Kng-Xanh-111883474894318","article_modified_time":"2022-07-11T02:46:27+00:00","twitter_card":"summary_large_image","twitter_misc":{"Est. reading time":"2 minutes"},"schema":{"@context":"https:\/\/schema.org","@graph":[{"@type":"WebPage","@id":"https:\/\/mekongxanh.vn\/dich-vu\/cong-nghe-tai-su-dung-nuoc-thai\/","url":"https:\/\/mekongxanh.vn\/dich-vu\/cong-nghe-tai-su-dung-nuoc-thai\/","name":"C\u00f4ng ngh\u1ec7 t\u00e1i s\u1eed d\u1ee5ng n\u01b0\u1edbc th\u1ea3i - C\u00f4ng ty C\u1ed5 ph\u1ea7n M\u00f4i tr\u01b0\u1eddng M\u00ea K\u00f4ng Xanh","isPartOf":{"@id":"https:\/\/mekongxanh.vn\/#website"},"datePublished":"2022-07-09T03:13:56+00:00","dateModified":"2022-07-11T02:46:27+00:00","breadcrumb":{"@id":"https:\/\/mekongxanh.vn\/dich-vu\/cong-nghe-tai-su-dung-nuoc-thai\/#breadcrumb"},"inLanguage":"en-US","potentialAction":[{"@type":"ReadAction","target":["https:\/\/mekongxanh.vn\/dich-vu\/cong-nghe-tai-su-dung-nuoc-thai\/"]}]},{"@type":"BreadcrumbList","@id":"https:\/\/mekongxanh.vn\/dich-vu\/cong-nghe-tai-su-dung-nuoc-thai\/#breadcrumb","itemListElement":[{"@type":"ListItem","position":1,"name":"Trang ch\u1ee7","item":"https:\/\/mekongxanh.vn\/"},{"@type":"ListItem","position":2,"name":"D\u1ecbch v\u1ee5","item":"https:\/\/mekongxanh.vn\/dich-vu\/"},{"@type":"ListItem","position":3,"name":"C\u00f4ng ngh\u1ec7 t\u00e1i s\u1eed d\u1ee5ng n\u01b0\u1edbc th\u1ea3i"}]},{"@type":"WebSite","@id":"https:\/\/mekongxanh.vn\/#website","url":"https:\/\/mekongxanh.vn\/","name":"C\u00f4ng ty C\u1ed5 ph\u1ea7n M\u00f4i tr\u01b0\u1eddng M\u00ea K\u00f4ng Xanh","description":"","publisher":{"@id":"https:\/\/mekongxanh.vn\/#organization"},"potentialAction":[{"@type":"SearchAction","target":{"@type":"EntryPoint","urlTemplate":"https:\/\/mekongxanh.vn\/?s={search_term_string}"},"query-input":{"@type":"PropertyValueSpecification","valueRequired":true,"valueName":"search_term_string"}}],"inLanguage":"en-US"},{"@type":"Organization","@id":"https:\/\/mekongxanh.vn\/#organization","name":"C\u00f4ng Ty C\u1ed5 Ph\u1ea7n M\u00f4i Tr\u01b0\u1eddng M\u00ea K\u00f4ng Xanh","url":"https:\/\/mekongxanh.vn\/","logo":{"@type":"ImageObject","inLanguage":"en-US","@id":"https:\/\/mekongxanh.vn\/#\/schema\/logo\/image\/","url":"https:\/\/mekongxanh.vn\/wp-content\/uploads\/2022\/05\/LOGO-MOI.png","contentUrl":"https:\/\/mekongxanh.vn\/wp-content\/uploads\/2022\/05\/LOGO-MOI.png","width":2977,"height":897,"caption":"C\u00f4ng Ty C\u1ed5 Ph\u1ea7n M\u00f4i Tr\u01b0\u1eddng M\u00ea K\u00f4ng Xanh"},"image":{"@id":"https:\/\/mekongxanh.vn\/#\/schema\/logo\/image\/"},"sameAs":["https:\/\/www.facebook.com\/Cng-Ty-C-Phn-Mi-Trng-M-Kng-Xanh-111883474894318"]}]}},"_links":{"self":[{"href":"https:\/\/mekongxanh.vn\/en\/wp-json\/wp\/v2\/pages\/2755","targetHints":{"allow":["GET"]}}],"collection":[{"href":"https:\/\/mekongxanh.vn\/en\/wp-json\/wp\/v2\/pages"}],"about":[{"href":"https:\/\/mekongxanh.vn\/en\/wp-json\/wp\/v2\/types\/page"}],"author":[{"embeddable":true,"href":"https:\/\/mekongxanh.vn\/en\/wp-json\/wp\/v2\/users\/1"}],"replies":[{"embeddable":true,"href":"https:\/\/mekongxanh.vn\/en\/wp-json\/wp\/v2\/comments?post=2755"}],"version-history":[{"count":17,"href":"https:\/\/mekongxanh.vn\/en\/wp-json\/wp\/v2\/pages\/2755\/revisions"}],"predecessor-version":[{"id":2845,"href":"https:\/\/mekongxanh.vn\/en\/wp-json\/wp\/v2\/pages\/2755\/revisions\/2845"}],"up":[{"embeddable":true,"href":"https:\/\/mekongxanh.vn\/en\/wp-json\/wp\/v2\/pages\/22"}],"wp:attachment":[{"href":"https:\/\/mekongxanh.vn\/en\/wp-json\/wp\/v2\/media?parent=2755"}],"curies":[{"name":"wp","href":"https:\/\/api.w.org\/{rel}","templated":true}]}}