{"id":321,"date":"2022-05-16T17:36:00","date_gmt":"2022-05-16T10:36:00","guid":{"rendered":"https:\/\/mekongxanh.vn\/?post_type=product&#038;p=321"},"modified":"2022-07-04T15:52:41","modified_gmt":"2022-07-04T08:52:41","slug":"bom-dinh-luong-hoa-chat-blue-white-c6125p","status":"publish","type":"product","link":"https:\/\/mekongxanh.vn\/en\/product\/bom-dinh-luong-hoa-chat-blue-white-c6125p\/","title":{"rendered":"Blue-White metering pump (USA) \u2013 Model: C6125P"},"content":{"rendered":"<h2>Blue-White metering pump (USA) \u2013 Model: C6125P<\/h2>\n<h3>Advantages and specifications of C6125P:<\/h3>\n<ul>\n<li>As a diaphragm pump, high efficiency,<\/li>\n<li>There are many models to choose from.<\/li>\n<li>Motor and gearbox operating smooth, strong.<\/li>\n<li>Wide flow control range, 4-100%.<\/li>\n<li>TEFLON coated EP plastic pump diaphragm,<\/li>\n<li>\u00a0Chemical resistant PP plastic pump head.<\/li>\n<li>Maximum flow: 30l\/h \u2013 Highest pressure: 2.1 kg\/cm2.<\/li>\n<li>Simple installation, easy to use<\/li>\n<li>Warranty 12 months<\/li>\n<\/ul>\n<p>Application of Blue White metering pump:<br \/>\n<strong>Metering pump,<\/strong>\u00a0Blue White chemicals (USA) specialized for industries such as<\/p>\n<ul>\n<li>NGK Beer and Alcohol Industry,<\/li>\n<li>Dairy - food - confectionery industry,<\/li>\n<li>Cosmetics Industry,<\/li>\n<li>Petroleum, Chemical industry,<\/li>\n<li>Firefighting, Boiler, environmental treatment, waste water treatment...<\/li>\n<\/ul>","protected":false},"excerpt":{"rendered":"<p>Manufacturer: Blue White<br \/>\nOrigin: USA<br \/>\nModel: C6128P \/ C600HV<\/p>","protected":false},"featured_media":2510,"comment_status":"open","ping_status":"closed","template":"","meta":{"site-sidebar-layout":"default","site-content-layout":"default","ast-global-header-display":"","ast-main-header-display":"","ast-hfb-above-header-display":"","ast-hfb-below-header-display":"","ast-hfb-mobile-header-display":"","site-post-title":"","ast-breadcrumbs-content":"","ast-featured-img":"","footer-sml-layout":"","theme-transparent-header-meta":"default","adv-header-id-meta":"","stick-header-meta":"default","header-above-stick-meta":"","header-main-stick-meta":"","header-below-stick-meta":""},"product_cat":[15],"product_tag":[],"class_list":{"0":"post-321","1":"product","2":"type-product","3":"status-publish","4":"has-post-thumbnail","6":"product_cat-thiet-bi-xu-ly-moi-truong","7":"align-center","8":"box-shadow-0","9":"box-shadow-0-hover","10":"ast-product-gallery-layout-horizontal","11":"ast-product-tabs-layout-horizontal","13":"first","14":"instock","15":"shipping-taxable","16":"product-type-simple"},"yoast_head":"<!-- This site is optimized with the Yoast SEO plugin v24.0 - https:\/\/yoast.com\/wordpress\/plugins\/seo\/ -->\n<title>B\u01a1m \u0111\u1ecbnh l\u01b0\u1ee3ng Blue-White (USA) - Model: C6125P - C\u00f4ng ty C\u1ed5 ph\u1ea7n M\u00f4i tr\u01b0\u1eddng M\u00ea K\u00f4ng Xanh<\/title>\n<meta name=\"robots\" content=\"index, follow, max-snippet:-1, max-image-preview:large, max-video-preview:-1\" \/>\n<link rel=\"canonical\" href=\"https:\/\/mekongxanh.vn\/en\/product\/bom-dinh-luong-hoa-chat-blue-white-c6125p\/\" \/>\n<meta property=\"og:locale\" content=\"en_US\" \/>\n<meta property=\"og:type\" content=\"article\" \/>\n<meta property=\"og:title\" content=\"B\u01a1m \u0111\u1ecbnh l\u01b0\u1ee3ng Blue-White (USA) - Model: C6125P - C\u00f4ng ty C\u1ed5 ph\u1ea7n M\u00f4i tr\u01b0\u1eddng M\u00ea K\u00f4ng Xanh\" \/>\n<meta property=\"og:description\" content=\"H\u00e3ng s\u1ea3n xu\u1ea5t: Blue White Xu\u1ea5t x\u1ee9: M\u1ef9 Model: C6128P \/ C600HV\" \/>\n<meta property=\"og:url\" content=\"https:\/\/mekongxanh.vn\/en\/product\/bom-dinh-luong-hoa-chat-blue-white-c6125p\/\" \/>\n<meta property=\"og:site_name\" content=\"C\u00f4ng ty C\u1ed5 ph\u1ea7n M\u00f4i tr\u01b0\u1eddng M\u00ea K\u00f4ng Xanh\" \/>\n<meta property=\"article:publisher\" content=\"https:\/\/www.facebook.com\/Cng-Ty-C-Phn-Mi-Trng-M-Kng-Xanh-111883474894318\" \/>\n<meta property=\"article:modified_time\" content=\"2022-07-04T08:52:41+00:00\" \/>\n<meta property=\"og:image\" content=\"https:\/\/mekongxanh.vn\/wp-content\/uploads\/2022\/05\/C-600HV-crop-.png\" \/>\n\t<meta property=\"og:image:width\" content=\"1228\" \/>\n\t<meta property=\"og:image:height\" content=\"923\" \/>\n\t<meta property=\"og:image:type\" content=\"image\/png\" \/>\n<meta name=\"twitter:card\" content=\"summary_large_image\" \/>\n<meta name=\"twitter:label1\" content=\"Est. reading time\" \/>\n\t<meta name=\"twitter:data1\" content=\"1 minute\" \/>\n<script type=\"application\/ld+json\" class=\"yoast-schema-graph\">{\"@context\":\"https:\/\/schema.org\",\"@graph\":[{\"@type\":\"WebPage\",\"@id\":\"https:\/\/mekongxanh.vn\/san-pham\/bom-dinh-luong-hoa-chat-blue-white-c6125p\/\",\"url\":\"https:\/\/mekongxanh.vn\/san-pham\/bom-dinh-luong-hoa-chat-blue-white-c6125p\/\",\"name\":\"B\u01a1m \u0111\u1ecbnh l\u01b0\u1ee3ng Blue-White (USA) - Model: C6125P - C\u00f4ng ty C\u1ed5 ph\u1ea7n M\u00f4i tr\u01b0\u1eddng M\u00ea K\u00f4ng Xanh\",\"isPartOf\":{\"@id\":\"https:\/\/mekongxanh.vn\/#website\"},\"primaryImageOfPage\":{\"@id\":\"https:\/\/mekongxanh.vn\/san-pham\/bom-dinh-luong-hoa-chat-blue-white-c6125p\/#primaryimage\"},\"image\":{\"@id\":\"https:\/\/mekongxanh.vn\/san-pham\/bom-dinh-luong-hoa-chat-blue-white-c6125p\/#primaryimage\"},\"thumbnailUrl\":\"https:\/\/mekongxanh.vn\/wp-content\/uploads\/2022\/05\/C-600HV-crop-.png\",\"datePublished\":\"2022-05-16T10:36:00+00:00\",\"dateModified\":\"2022-07-04T08:52:41+00:00\",\"breadcrumb\":{\"@id\":\"https:\/\/mekongxanh.vn\/san-pham\/bom-dinh-luong-hoa-chat-blue-white-c6125p\/#breadcrumb\"},\"inLanguage\":\"en-US\",\"potentialAction\":[{\"@type\":\"ReadAction\",\"target\":[\"https:\/\/mekongxanh.vn\/san-pham\/bom-dinh-luong-hoa-chat-blue-white-c6125p\/\"]}]},{\"@type\":\"ImageObject\",\"inLanguage\":\"en-US\",\"@id\":\"https:\/\/mekongxanh.vn\/san-pham\/bom-dinh-luong-hoa-chat-blue-white-c6125p\/#primaryimage\",\"url\":\"https:\/\/mekongxanh.vn\/wp-content\/uploads\/2022\/05\/C-600HV-crop-.png\",\"contentUrl\":\"https:\/\/mekongxanh.vn\/wp-content\/uploads\/2022\/05\/C-600HV-crop-.png\",\"width\":1228,\"height\":923,\"caption\":\"C600HV, 600HV, Blue White, B\u01a1m \u0110\u1ecbnh L\u01b0\u1ee3ng\"},{\"@type\":\"BreadcrumbList\",\"@id\":\"https:\/\/mekongxanh.vn\/san-pham\/bom-dinh-luong-hoa-chat-blue-white-c6125p\/#breadcrumb\",\"itemListElement\":[{\"@type\":\"ListItem\",\"position\":1,\"name\":\"Trang ch\u1ee7\",\"item\":\"https:\/\/mekongxanh.vn\/\"},{\"@type\":\"ListItem\",\"position\":2,\"name\":\"C\u1eeda h\u00e0ng\",\"item\":\"https:\/\/mekongxanh.vn\/cua-hang\/\"},{\"@type\":\"ListItem\",\"position\":3,\"name\":\"B\u01a1m \u0111\u1ecbnh l\u01b0\u1ee3ng Blue-White (USA) &#8211; Model: C6125P\"}]},{\"@type\":\"WebSite\",\"@id\":\"https:\/\/mekongxanh.vn\/#website\",\"url\":\"https:\/\/mekongxanh.vn\/\",\"name\":\"C\u00f4ng ty C\u1ed5 ph\u1ea7n M\u00f4i tr\u01b0\u1eddng M\u00ea K\u00f4ng Xanh\",\"description\":\"\",\"publisher\":{\"@id\":\"https:\/\/mekongxanh.vn\/#organization\"},\"potentialAction\":[{\"@type\":\"SearchAction\",\"target\":{\"@type\":\"EntryPoint\",\"urlTemplate\":\"https:\/\/mekongxanh.vn\/?s={search_term_string}\"},\"query-input\":{\"@type\":\"PropertyValueSpecification\",\"valueRequired\":true,\"valueName\":\"search_term_string\"}}],\"inLanguage\":\"en-US\"},{\"@type\":\"Organization\",\"@id\":\"https:\/\/mekongxanh.vn\/#organization\",\"name\":\"C\u00f4ng Ty C\u1ed5 Ph\u1ea7n M\u00f4i Tr\u01b0\u1eddng M\u00ea K\u00f4ng Xanh\",\"url\":\"https:\/\/mekongxanh.vn\/\",\"logo\":{\"@type\":\"ImageObject\",\"inLanguage\":\"en-US\",\"@id\":\"https:\/\/mekongxanh.vn\/#\/schema\/logo\/image\/\",\"url\":\"https:\/\/mekongxanh.vn\/wp-content\/uploads\/2022\/05\/LOGO-MOI.png\",\"contentUrl\":\"https:\/\/mekongxanh.vn\/wp-content\/uploads\/2022\/05\/LOGO-MOI.png\",\"width\":2977,\"height\":897,\"caption\":\"C\u00f4ng Ty C\u1ed5 Ph\u1ea7n M\u00f4i Tr\u01b0\u1eddng M\u00ea K\u00f4ng Xanh\"},\"image\":{\"@id\":\"https:\/\/mekongxanh.vn\/#\/schema\/logo\/image\/\"},\"sameAs\":[\"https:\/\/www.facebook.com\/Cng-Ty-C-Phn-Mi-Trng-M-Kng-Xanh-111883474894318\"]}]}<\/script>\n<!-- \/ Yoast SEO plugin. -->","yoast_head_json":{"title":"B\u01a1m \u0111\u1ecbnh l\u01b0\u1ee3ng Blue-White (USA) - Model: C6125P - C\u00f4ng ty C\u1ed5 ph\u1ea7n M\u00f4i tr\u01b0\u1eddng M\u00ea K\u00f4ng Xanh","robots":{"index":"index","follow":"follow","max-snippet":"max-snippet:-1","max-image-preview":"max-image-preview:large","max-video-preview":"max-video-preview:-1"},"canonical":"https:\/\/mekongxanh.vn\/en\/product\/bom-dinh-luong-hoa-chat-blue-white-c6125p\/","og_locale":"en_US","og_type":"article","og_title":"B\u01a1m \u0111\u1ecbnh l\u01b0\u1ee3ng Blue-White (USA) - Model: C6125P - C\u00f4ng ty C\u1ed5 ph\u1ea7n M\u00f4i tr\u01b0\u1eddng M\u00ea K\u00f4ng Xanh","og_description":"H\u00e3ng s\u1ea3n xu\u1ea5t: Blue White Xu\u1ea5t x\u1ee9: M\u1ef9 Model: C6128P \/ C600HV","og_url":"https:\/\/mekongxanh.vn\/en\/product\/bom-dinh-luong-hoa-chat-blue-white-c6125p\/","og_site_name":"C\u00f4ng ty C\u1ed5 ph\u1ea7n M\u00f4i tr\u01b0\u1eddng M\u00ea K\u00f4ng Xanh","article_publisher":"https:\/\/www.facebook.com\/Cng-Ty-C-Phn-Mi-Trng-M-Kng-Xanh-111883474894318","article_modified_time":"2022-07-04T08:52:41+00:00","og_image":[{"width":1228,"height":923,"url":"https:\/\/mekongxanh.vn\/wp-content\/uploads\/2022\/05\/C-600HV-crop-.png","type":"image\/png"}],"twitter_card":"summary_large_image","twitter_misc":{"Est. reading time":"1 minute"},"schema":{"@context":"https:\/\/schema.org","@graph":[{"@type":"WebPage","@id":"https:\/\/mekongxanh.vn\/san-pham\/bom-dinh-luong-hoa-chat-blue-white-c6125p\/","url":"https:\/\/mekongxanh.vn\/san-pham\/bom-dinh-luong-hoa-chat-blue-white-c6125p\/","name":"B\u01a1m \u0111\u1ecbnh l\u01b0\u1ee3ng Blue-White (USA) - Model: C6125P - C\u00f4ng ty C\u1ed5 ph\u1ea7n M\u00f4i tr\u01b0\u1eddng M\u00ea K\u00f4ng Xanh","isPartOf":{"@id":"https:\/\/mekongxanh.vn\/#website"},"primaryImageOfPage":{"@id":"https:\/\/mekongxanh.vn\/san-pham\/bom-dinh-luong-hoa-chat-blue-white-c6125p\/#primaryimage"},"image":{"@id":"https:\/\/mekongxanh.vn\/san-pham\/bom-dinh-luong-hoa-chat-blue-white-c6125p\/#primaryimage"},"thumbnailUrl":"https:\/\/mekongxanh.vn\/wp-content\/uploads\/2022\/05\/C-600HV-crop-.png","datePublished":"2022-05-16T10:36:00+00:00","dateModified":"2022-07-04T08:52:41+00:00","breadcrumb":{"@id":"https:\/\/mekongxanh.vn\/san-pham\/bom-dinh-luong-hoa-chat-blue-white-c6125p\/#breadcrumb"},"inLanguage":"en-US","potentialAction":[{"@type":"ReadAction","target":["https:\/\/mekongxanh.vn\/san-pham\/bom-dinh-luong-hoa-chat-blue-white-c6125p\/"]}]},{"@type":"ImageObject","inLanguage":"en-US","@id":"https:\/\/mekongxanh.vn\/san-pham\/bom-dinh-luong-hoa-chat-blue-white-c6125p\/#primaryimage","url":"https:\/\/mekongxanh.vn\/wp-content\/uploads\/2022\/05\/C-600HV-crop-.png","contentUrl":"https:\/\/mekongxanh.vn\/wp-content\/uploads\/2022\/05\/C-600HV-crop-.png","width":1228,"height":923,"caption":"C600HV, 600HV, Blue White, B\u01a1m \u0110\u1ecbnh L\u01b0\u1ee3ng"},{"@type":"BreadcrumbList","@id":"https:\/\/mekongxanh.vn\/san-pham\/bom-dinh-luong-hoa-chat-blue-white-c6125p\/#breadcrumb","itemListElement":[{"@type":"ListItem","position":1,"name":"Trang ch\u1ee7","item":"https:\/\/mekongxanh.vn\/"},{"@type":"ListItem","position":2,"name":"C\u1eeda h\u00e0ng","item":"https:\/\/mekongxanh.vn\/cua-hang\/"},{"@type":"ListItem","position":3,"name":"B\u01a1m \u0111\u1ecbnh l\u01b0\u1ee3ng Blue-White (USA) &#8211; Model: C6125P"}]},{"@type":"WebSite","@id":"https:\/\/mekongxanh.vn\/#website","url":"https:\/\/mekongxanh.vn\/","name":"C\u00f4ng ty C\u1ed5 ph\u1ea7n M\u00f4i tr\u01b0\u1eddng M\u00ea K\u00f4ng Xanh","description":"","publisher":{"@id":"https:\/\/mekongxanh.vn\/#organization"},"potentialAction":[{"@type":"SearchAction","target":{"@type":"EntryPoint","urlTemplate":"https:\/\/mekongxanh.vn\/?s={search_term_string}"},"query-input":{"@type":"PropertyValueSpecification","valueRequired":true,"valueName":"search_term_string"}}],"inLanguage":"en-US"},{"@type":"Organization","@id":"https:\/\/mekongxanh.vn\/#organization","name":"C\u00f4ng Ty C\u1ed5 Ph\u1ea7n M\u00f4i Tr\u01b0\u1eddng M\u00ea K\u00f4ng Xanh","url":"https:\/\/mekongxanh.vn\/","logo":{"@type":"ImageObject","inLanguage":"en-US","@id":"https:\/\/mekongxanh.vn\/#\/schema\/logo\/image\/","url":"https:\/\/mekongxanh.vn\/wp-content\/uploads\/2022\/05\/LOGO-MOI.png","contentUrl":"https:\/\/mekongxanh.vn\/wp-content\/uploads\/2022\/05\/LOGO-MOI.png","width":2977,"height":897,"caption":"C\u00f4ng Ty C\u1ed5 Ph\u1ea7n M\u00f4i Tr\u01b0\u1eddng M\u00ea K\u00f4ng Xanh"},"image":{"@id":"https:\/\/mekongxanh.vn\/#\/schema\/logo\/image\/"},"sameAs":["https:\/\/www.facebook.com\/Cng-Ty-C-Phn-Mi-Trng-M-Kng-Xanh-111883474894318"]}]}},"_links":{"self":[{"href":"https:\/\/mekongxanh.vn\/en\/wp-json\/wp\/v2\/product\/321","targetHints":{"allow":["GET"]}}],"collection":[{"href":"https:\/\/mekongxanh.vn\/en\/wp-json\/wp\/v2\/product"}],"about":[{"href":"https:\/\/mekongxanh.vn\/en\/wp-json\/wp\/v2\/types\/product"}],"replies":[{"embeddable":true,"href":"https:\/\/mekongxanh.vn\/en\/wp-json\/wp\/v2\/comments?post=321"}],"wp:featuredmedia":[{"embeddable":true,"href":"https:\/\/mekongxanh.vn\/en\/wp-json\/wp\/v2\/media\/2510"}],"wp:attachment":[{"href":"https:\/\/mekongxanh.vn\/en\/wp-json\/wp\/v2\/media?parent=321"}],"wp:term":[{"taxonomy":"product_cat","embeddable":true,"href":"https:\/\/mekongxanh.vn\/en\/wp-json\/wp\/v2\/product_cat?post=321"},{"taxonomy":"product_tag","embeddable":true,"href":"https:\/\/mekongxanh.vn\/en\/wp-json\/wp\/v2\/product_tag?post=321"}],"curies":[{"name":"wp","href":"https:\/\/api.w.org\/{rel}","templated":true}]}}