{"id":325,"date":"2022-05-16T17:37:18","date_gmt":"2022-05-16T10:37:18","guid":{"rendered":"https:\/\/mekongxanh.vn\/?post_type=product&#038;p=325"},"modified":"2022-07-04T13:47:10","modified_gmt":"2022-07-04T06:47:10","slug":"gia-the-vi-sinh-dang-tam-to-ong","status":"publish","type":"product","link":"https:\/\/mekongxanh.vn\/en\/product\/gia-the-vi-sinh-dang-tam-to-ong\/","title":{"rendered":"Microbiological substrates in the form of honeycomb plates"},"content":{"rendered":"<div class=\"cmsms_tabs tabs_mode_tab cmsms_woo_tabs\">\n<div class=\"cmsms_tabs_wrap\">\n<div id=\"tab-description\" class=\"entry-content cmsms_tab active_tab\">\n<div class=\"cmsms_tab_inner\">\n<h1>What is a honeycomb plate microbial substrate?<\/h1>\n<p>The honeycomb plate microbiological substrate has a rectangular design, the inside is convex and concave like a chicken egg blister, with many wrinkles to increase the surface contact area with water. When installing, the panels are glued on top of each other thanks to the adhesive between the pre-set tabs, they are fixed by a stainless steel frame so that they do not float or release the glue when impacted by the force of water and gas pressure. from the bottom of the tank.<\/p>\n<p><em><strong>Specifications of microbiological media<\/strong><\/em><\/p>\n<p>Type: fixed microbial media in wastewater<\/p>\n<p>Contact area: 108-110 m2\/m3<\/p>\n<p>Dimensions: D*R: 1*0.5 (m)<\/p>\n<p>Quantity: 32 panels equivalent to 1m3<\/p>\n<p>PVC material<\/p>\n<p>Color: black-white<\/p>\n<p>&nbsp;<\/p>\n<h2>Advantages of the honeycomb plate microbial substrate:<\/h2>\n<p><strong>Plate microbial media\u00a0<\/strong>nice\u00a0<strong>plate microbiological buffer<\/strong>\u00a0Used for most types of industrial and domestic wastewater because of the following advantages<\/p>\n<ul>\n<li>The thickness is almost uniform<\/li>\n<li>Good air and water circulation rate<\/li>\n<li>Relatively good adhesion level<\/li>\n<li>Low installation and product costs<\/li>\n<li>High substrate durability and minimize local clogging<\/li>\n<li>Resistant to corrosive concentrations in wastewater<\/li>\n<li>Easy to install and move<\/li>\n<li>Can be used for anaerobic (Anoxic) and aerobic (Aerobic) biological processes.<\/li>\n<\/ul>\n<h3>\u00a0Method of installing the honeycomb plate microbial substrate:<\/h3>\n<ul>\n<li>Step 1: Glue the spacers together with your usual plumbing glue so that the middle grooves on the panels fit together. After each paste, leave it in place and wait for the glue to dry before moving. The glue block is sized so that it is most convenient to put into the lake.<\/li>\n<li>Step 2: Install the bottom support bracket for the substrate, usually about 1 m from the gas distribution disc (refer to the picture below) to ensure it is sturdy, withstand a pressure of 1.0 - 2 bar<\/li>\n<li>Step 3: Place the media blocks that have been glued into the microbiological tank so that they form stacked blocks, the honeycomb hole formed must be placed perpendicular to the bottom of the tank so that water and gas can flow in the right direction. The height of the media layer depends on the design of the biological tank. The water surface is about 0.5 m from the surface of the substrate.<\/li>\n<li>Step 4: Install the upper support frame to ensure that the scaffold is fixed and can withstand the force of water and gas.<\/li>\n<\/ul>\n<\/div>\n<\/div>\n<\/div>\n<\/div>","protected":false},"excerpt":{"rendered":"<p>Microbiological substrates in the form of honeycomb plates<\/p>","protected":false},"featured_media":2513,"comment_status":"open","ping_status":"closed","template":"","meta":{"site-sidebar-layout":"default","site-content-layout":"default","ast-global-header-display":"","ast-main-header-display":"","ast-hfb-above-header-display":"","ast-hfb-below-header-display":"","ast-hfb-mobile-header-display":"","site-post-title":"","ast-breadcrumbs-content":"","ast-featured-img":"","footer-sml-layout":"","theme-transparent-header-meta":"default","adv-header-id-meta":"","stick-header-meta":"default","header-above-stick-meta":"","header-main-stick-meta":"","header-below-stick-meta":""},"product_cat":[15],"product_tag":[],"class_list":{"0":"post-325","1":"product","2":"type-product","3":"status-publish","4":"has-post-thumbnail","6":"product_cat-thiet-bi-xu-ly-moi-truong","7":"align-center","8":"box-shadow-0","9":"box-shadow-0-hover","10":"ast-product-gallery-layout-horizontal","11":"ast-product-gallery-with-no-image","12":"ast-product-tabs-layout-horizontal","14":"first","15":"instock","16":"shipping-taxable","17":"product-type-simple"},"yoast_head":"<!-- This site is optimized with the Yoast SEO plugin v24.0 - https:\/\/yoast.com\/wordpress\/plugins\/seo\/ -->\n<title>Gi\u00e1 th\u1ec3 vi sinh d\u1ea1ng t\u1ea5m t\u1ed5 ong - C\u00f4ng ty C\u1ed5 ph\u1ea7n M\u00f4i tr\u01b0\u1eddng M\u00ea K\u00f4ng Xanh<\/title>\n<meta name=\"robots\" content=\"index, follow, max-snippet:-1, max-image-preview:large, max-video-preview:-1\" \/>\n<link rel=\"canonical\" href=\"https:\/\/mekongxanh.vn\/en\/product\/gia-the-vi-sinh-dang-tam-to-ong\/\" \/>\n<meta property=\"og:locale\" content=\"en_US\" \/>\n<meta property=\"og:type\" content=\"article\" \/>\n<meta property=\"og:title\" content=\"Gi\u00e1 th\u1ec3 vi sinh d\u1ea1ng t\u1ea5m t\u1ed5 ong - C\u00f4ng ty C\u1ed5 ph\u1ea7n M\u00f4i tr\u01b0\u1eddng M\u00ea K\u00f4ng Xanh\" \/>\n<meta property=\"og:description\" content=\"Gi\u00e1 th\u1ec3 vi sinh d\u1ea1ng t\u1ea5m t\u1ed5 ong\" \/>\n<meta property=\"og:url\" content=\"https:\/\/mekongxanh.vn\/en\/product\/gia-the-vi-sinh-dang-tam-to-ong\/\" \/>\n<meta property=\"og:site_name\" content=\"C\u00f4ng ty C\u1ed5 ph\u1ea7n M\u00f4i tr\u01b0\u1eddng M\u00ea K\u00f4ng Xanh\" \/>\n<meta property=\"article:publisher\" content=\"https:\/\/www.facebook.com\/Cng-Ty-C-Phn-Mi-Trng-M-Kng-Xanh-111883474894318\" \/>\n<meta property=\"article:modified_time\" content=\"2022-07-04T06:47:10+00:00\" \/>\n<meta property=\"og:image\" content=\"https:\/\/mekongxanh.vn\/wp-content\/uploads\/2022\/05\/giathevisinhdemtoong500x400-4043crop.jpg\" \/>\n\t<meta property=\"og:image:width\" content=\"500\" \/>\n\t<meta property=\"og:image:height\" content=\"376\" \/>\n\t<meta property=\"og:image:type\" content=\"image\/jpeg\" \/>\n<meta name=\"twitter:card\" content=\"summary_large_image\" \/>\n<meta name=\"twitter:label1\" content=\"Est. reading time\" \/>\n\t<meta name=\"twitter:data1\" content=\"3 minutes\" \/>\n<script type=\"application\/ld+json\" class=\"yoast-schema-graph\">{\"@context\":\"https:\/\/schema.org\",\"@graph\":[{\"@type\":\"WebPage\",\"@id\":\"https:\/\/mekongxanh.vn\/san-pham\/gia-the-vi-sinh-dang-tam-to-ong\/\",\"url\":\"https:\/\/mekongxanh.vn\/san-pham\/gia-the-vi-sinh-dang-tam-to-ong\/\",\"name\":\"Gi\u00e1 th\u1ec3 vi sinh d\u1ea1ng t\u1ea5m t\u1ed5 ong - C\u00f4ng ty C\u1ed5 ph\u1ea7n M\u00f4i tr\u01b0\u1eddng M\u00ea K\u00f4ng Xanh\",\"isPartOf\":{\"@id\":\"https:\/\/mekongxanh.vn\/#website\"},\"primaryImageOfPage\":{\"@id\":\"https:\/\/mekongxanh.vn\/san-pham\/gia-the-vi-sinh-dang-tam-to-ong\/#primaryimage\"},\"image\":{\"@id\":\"https:\/\/mekongxanh.vn\/san-pham\/gia-the-vi-sinh-dang-tam-to-ong\/#primaryimage\"},\"thumbnailUrl\":\"https:\/\/mekongxanh.vn\/wp-content\/uploads\/2022\/05\/giathevisinhdemtoong500x400-4043crop.jpg\",\"datePublished\":\"2022-05-16T10:37:18+00:00\",\"dateModified\":\"2022-07-04T06:47:10+00:00\",\"breadcrumb\":{\"@id\":\"https:\/\/mekongxanh.vn\/san-pham\/gia-the-vi-sinh-dang-tam-to-ong\/#breadcrumb\"},\"inLanguage\":\"en-US\",\"potentialAction\":[{\"@type\":\"ReadAction\",\"target\":[\"https:\/\/mekongxanh.vn\/san-pham\/gia-the-vi-sinh-dang-tam-to-ong\/\"]}]},{\"@type\":\"ImageObject\",\"inLanguage\":\"en-US\",\"@id\":\"https:\/\/mekongxanh.vn\/san-pham\/gia-the-vi-sinh-dang-tam-to-ong\/#primaryimage\",\"url\":\"https:\/\/mekongxanh.vn\/wp-content\/uploads\/2022\/05\/giathevisinhdemtoong500x400-4043crop.jpg\",\"contentUrl\":\"https:\/\/mekongxanh.vn\/wp-content\/uploads\/2022\/05\/giathevisinhdemtoong500x400-4043crop.jpg\",\"width\":500,\"height\":376,\"caption\":\"Gi\u00e1 th\u1ec3 vi sinh; Gi\u00e1 th\u1ec3 d\u1ea1ng t\u1ed5 ong\"},{\"@type\":\"BreadcrumbList\",\"@id\":\"https:\/\/mekongxanh.vn\/san-pham\/gia-the-vi-sinh-dang-tam-to-ong\/#breadcrumb\",\"itemListElement\":[{\"@type\":\"ListItem\",\"position\":1,\"name\":\"Trang ch\u1ee7\",\"item\":\"https:\/\/mekongxanh.vn\/\"},{\"@type\":\"ListItem\",\"position\":2,\"name\":\"C\u1eeda h\u00e0ng\",\"item\":\"https:\/\/mekongxanh.vn\/cua-hang\/\"},{\"@type\":\"ListItem\",\"position\":3,\"name\":\"Gi\u00e1 th\u1ec3 vi sinh d\u1ea1ng t\u1ea5m t\u1ed5 ong\"}]},{\"@type\":\"WebSite\",\"@id\":\"https:\/\/mekongxanh.vn\/#website\",\"url\":\"https:\/\/mekongxanh.vn\/\",\"name\":\"C\u00f4ng ty C\u1ed5 ph\u1ea7n M\u00f4i tr\u01b0\u1eddng M\u00ea K\u00f4ng Xanh\",\"description\":\"\",\"publisher\":{\"@id\":\"https:\/\/mekongxanh.vn\/#organization\"},\"potentialAction\":[{\"@type\":\"SearchAction\",\"target\":{\"@type\":\"EntryPoint\",\"urlTemplate\":\"https:\/\/mekongxanh.vn\/?s={search_term_string}\"},\"query-input\":{\"@type\":\"PropertyValueSpecification\",\"valueRequired\":true,\"valueName\":\"search_term_string\"}}],\"inLanguage\":\"en-US\"},{\"@type\":\"Organization\",\"@id\":\"https:\/\/mekongxanh.vn\/#organization\",\"name\":\"C\u00f4ng Ty C\u1ed5 Ph\u1ea7n M\u00f4i Tr\u01b0\u1eddng M\u00ea K\u00f4ng Xanh\",\"url\":\"https:\/\/mekongxanh.vn\/\",\"logo\":{\"@type\":\"ImageObject\",\"inLanguage\":\"en-US\",\"@id\":\"https:\/\/mekongxanh.vn\/#\/schema\/logo\/image\/\",\"url\":\"https:\/\/mekongxanh.vn\/wp-content\/uploads\/2022\/05\/LOGO-MOI.png\",\"contentUrl\":\"https:\/\/mekongxanh.vn\/wp-content\/uploads\/2022\/05\/LOGO-MOI.png\",\"width\":2977,\"height\":897,\"caption\":\"C\u00f4ng Ty C\u1ed5 Ph\u1ea7n M\u00f4i Tr\u01b0\u1eddng M\u00ea K\u00f4ng Xanh\"},\"image\":{\"@id\":\"https:\/\/mekongxanh.vn\/#\/schema\/logo\/image\/\"},\"sameAs\":[\"https:\/\/www.facebook.com\/Cng-Ty-C-Phn-Mi-Trng-M-Kng-Xanh-111883474894318\"]}]}<\/script>\n<!-- \/ Yoast SEO plugin. -->","yoast_head_json":{"title":"Gi\u00e1 th\u1ec3 vi sinh d\u1ea1ng t\u1ea5m t\u1ed5 ong - C\u00f4ng ty C\u1ed5 ph\u1ea7n M\u00f4i tr\u01b0\u1eddng M\u00ea K\u00f4ng Xanh","robots":{"index":"index","follow":"follow","max-snippet":"max-snippet:-1","max-image-preview":"max-image-preview:large","max-video-preview":"max-video-preview:-1"},"canonical":"https:\/\/mekongxanh.vn\/en\/product\/gia-the-vi-sinh-dang-tam-to-ong\/","og_locale":"en_US","og_type":"article","og_title":"Gi\u00e1 th\u1ec3 vi sinh d\u1ea1ng t\u1ea5m t\u1ed5 ong - C\u00f4ng ty C\u1ed5 ph\u1ea7n M\u00f4i tr\u01b0\u1eddng M\u00ea K\u00f4ng Xanh","og_description":"Gi\u00e1 th\u1ec3 vi sinh d\u1ea1ng t\u1ea5m t\u1ed5 ong","og_url":"https:\/\/mekongxanh.vn\/en\/product\/gia-the-vi-sinh-dang-tam-to-ong\/","og_site_name":"C\u00f4ng ty C\u1ed5 ph\u1ea7n M\u00f4i tr\u01b0\u1eddng M\u00ea K\u00f4ng Xanh","article_publisher":"https:\/\/www.facebook.com\/Cng-Ty-C-Phn-Mi-Trng-M-Kng-Xanh-111883474894318","article_modified_time":"2022-07-04T06:47:10+00:00","og_image":[{"width":500,"height":376,"url":"https:\/\/mekongxanh.vn\/wp-content\/uploads\/2022\/05\/giathevisinhdemtoong500x400-4043crop.jpg","type":"image\/jpeg"}],"twitter_card":"summary_large_image","twitter_misc":{"Est. reading time":"3 minutes"},"schema":{"@context":"https:\/\/schema.org","@graph":[{"@type":"WebPage","@id":"https:\/\/mekongxanh.vn\/san-pham\/gia-the-vi-sinh-dang-tam-to-ong\/","url":"https:\/\/mekongxanh.vn\/san-pham\/gia-the-vi-sinh-dang-tam-to-ong\/","name":"Gi\u00e1 th\u1ec3 vi sinh d\u1ea1ng t\u1ea5m t\u1ed5 ong - C\u00f4ng ty C\u1ed5 ph\u1ea7n M\u00f4i tr\u01b0\u1eddng M\u00ea K\u00f4ng Xanh","isPartOf":{"@id":"https:\/\/mekongxanh.vn\/#website"},"primaryImageOfPage":{"@id":"https:\/\/mekongxanh.vn\/san-pham\/gia-the-vi-sinh-dang-tam-to-ong\/#primaryimage"},"image":{"@id":"https:\/\/mekongxanh.vn\/san-pham\/gia-the-vi-sinh-dang-tam-to-ong\/#primaryimage"},"thumbnailUrl":"https:\/\/mekongxanh.vn\/wp-content\/uploads\/2022\/05\/giathevisinhdemtoong500x400-4043crop.jpg","datePublished":"2022-05-16T10:37:18+00:00","dateModified":"2022-07-04T06:47:10+00:00","breadcrumb":{"@id":"https:\/\/mekongxanh.vn\/san-pham\/gia-the-vi-sinh-dang-tam-to-ong\/#breadcrumb"},"inLanguage":"en-US","potentialAction":[{"@type":"ReadAction","target":["https:\/\/mekongxanh.vn\/san-pham\/gia-the-vi-sinh-dang-tam-to-ong\/"]}]},{"@type":"ImageObject","inLanguage":"en-US","@id":"https:\/\/mekongxanh.vn\/san-pham\/gia-the-vi-sinh-dang-tam-to-ong\/#primaryimage","url":"https:\/\/mekongxanh.vn\/wp-content\/uploads\/2022\/05\/giathevisinhdemtoong500x400-4043crop.jpg","contentUrl":"https:\/\/mekongxanh.vn\/wp-content\/uploads\/2022\/05\/giathevisinhdemtoong500x400-4043crop.jpg","width":500,"height":376,"caption":"Gi\u00e1 th\u1ec3 vi sinh; Gi\u00e1 th\u1ec3 d\u1ea1ng t\u1ed5 ong"},{"@type":"BreadcrumbList","@id":"https:\/\/mekongxanh.vn\/san-pham\/gia-the-vi-sinh-dang-tam-to-ong\/#breadcrumb","itemListElement":[{"@type":"ListItem","position":1,"name":"Trang ch\u1ee7","item":"https:\/\/mekongxanh.vn\/"},{"@type":"ListItem","position":2,"name":"C\u1eeda h\u00e0ng","item":"https:\/\/mekongxanh.vn\/cua-hang\/"},{"@type":"ListItem","position":3,"name":"Gi\u00e1 th\u1ec3 vi sinh d\u1ea1ng t\u1ea5m t\u1ed5 ong"}]},{"@type":"WebSite","@id":"https:\/\/mekongxanh.vn\/#website","url":"https:\/\/mekongxanh.vn\/","name":"C\u00f4ng ty C\u1ed5 ph\u1ea7n M\u00f4i tr\u01b0\u1eddng M\u00ea K\u00f4ng Xanh","description":"","publisher":{"@id":"https:\/\/mekongxanh.vn\/#organization"},"potentialAction":[{"@type":"SearchAction","target":{"@type":"EntryPoint","urlTemplate":"https:\/\/mekongxanh.vn\/?s={search_term_string}"},"query-input":{"@type":"PropertyValueSpecification","valueRequired":true,"valueName":"search_term_string"}}],"inLanguage":"en-US"},{"@type":"Organization","@id":"https:\/\/mekongxanh.vn\/#organization","name":"C\u00f4ng Ty C\u1ed5 Ph\u1ea7n M\u00f4i Tr\u01b0\u1eddng M\u00ea K\u00f4ng Xanh","url":"https:\/\/mekongxanh.vn\/","logo":{"@type":"ImageObject","inLanguage":"en-US","@id":"https:\/\/mekongxanh.vn\/#\/schema\/logo\/image\/","url":"https:\/\/mekongxanh.vn\/wp-content\/uploads\/2022\/05\/LOGO-MOI.png","contentUrl":"https:\/\/mekongxanh.vn\/wp-content\/uploads\/2022\/05\/LOGO-MOI.png","width":2977,"height":897,"caption":"C\u00f4ng Ty C\u1ed5 Ph\u1ea7n M\u00f4i Tr\u01b0\u1eddng M\u00ea K\u00f4ng Xanh"},"image":{"@id":"https:\/\/mekongxanh.vn\/#\/schema\/logo\/image\/"},"sameAs":["https:\/\/www.facebook.com\/Cng-Ty-C-Phn-Mi-Trng-M-Kng-Xanh-111883474894318"]}]}},"_links":{"self":[{"href":"https:\/\/mekongxanh.vn\/en\/wp-json\/wp\/v2\/product\/325","targetHints":{"allow":["GET"]}}],"collection":[{"href":"https:\/\/mekongxanh.vn\/en\/wp-json\/wp\/v2\/product"}],"about":[{"href":"https:\/\/mekongxanh.vn\/en\/wp-json\/wp\/v2\/types\/product"}],"replies":[{"embeddable":true,"href":"https:\/\/mekongxanh.vn\/en\/wp-json\/wp\/v2\/comments?post=325"}],"wp:featuredmedia":[{"embeddable":true,"href":"https:\/\/mekongxanh.vn\/en\/wp-json\/wp\/v2\/media\/2513"}],"wp:attachment":[{"href":"https:\/\/mekongxanh.vn\/en\/wp-json\/wp\/v2\/media?parent=325"}],"wp:term":[{"taxonomy":"product_cat","embeddable":true,"href":"https:\/\/mekongxanh.vn\/en\/wp-json\/wp\/v2\/product_cat?post=325"},{"taxonomy":"product_tag","embeddable":true,"href":"https:\/\/mekongxanh.vn\/en\/wp-json\/wp\/v2\/product_tag?post=325"}],"curies":[{"name":"wp","href":"https:\/\/api.w.org\/{rel}","templated":true}]}}