{"id":328,"date":"2022-05-16T17:38:13","date_gmt":"2022-05-16T10:38:13","guid":{"rendered":"https:\/\/mekongxanh.vn\/?post_type=product&#038;p=328"},"modified":"2022-05-16T17:38:13","modified_gmt":"2022-05-16T10:38:13","slug":"dem-vi-sinh-dang-cau-d50","status":"publish","type":"product","link":"https:\/\/mekongxanh.vn\/en\/product\/dem-vi-sinh-dang-cau-d50\/","title":{"rendered":"D50 . spherical microbiological pad"},"content":{"rendered":"","protected":false},"excerpt":{"rendered":"<p>+ Item name: D50 . spherical microbiological pad<br \/>\n+ Contact area: 350 - 500 m2\/m3<br \/>\n+ Porosity: 93 \u2013 96%<br \/>\nSize: 50mm<br \/>\n+ Working temperature: 5 - 80 degrees Celsius<br \/>\n+ Pressure: 1-3 bar<br \/>\n+ Monolithic molded PP plastic material<br \/>\n+ Specification: 1m3 = 6,000 fruits<br \/>\n+ Color: black<\/p>","protected":false},"featured_media":0,"comment_status":"open","ping_status":"closed","template":"","meta":{"site-sidebar-layout":"default","site-content-layout":"default","ast-global-header-display":"","ast-main-header-display":"","ast-hfb-above-header-display":"","ast-hfb-below-header-display":"","ast-hfb-mobile-header-display":"","site-post-title":"","ast-breadcrumbs-content":"","ast-featured-img":"","footer-sml-layout":"","theme-transparent-header-meta":"default","adv-header-id-meta":"","stick-header-meta":"default","header-above-stick-meta":"","header-main-stick-meta":"","header-below-stick-meta":""},"product_cat":[15],"product_tag":[],"class_list":{"0":"post-328","1":"product","2":"type-product","3":"status-publish","5":"product_cat-thiet-bi-xu-ly-moi-truong","6":"align-center","7":"box-shadow-0","8":"box-shadow-0-hover","9":"ast-product-gallery-layout-horizontal","10":"ast-product-gallery-with-no-image","11":"ast-product-tabs-layout-horizontal","13":"first","14":"instock","15":"shipping-taxable","16":"product-type-simple"},"yoast_head":"<!-- This site is optimized with the Yoast SEO plugin v24.0 - https:\/\/yoast.com\/wordpress\/plugins\/seo\/ -->\n<title>\u0110\u1ec7m vi sinh d\u1ea1ng c\u1ea7u D50 - C\u00f4ng ty C\u1ed5 ph\u1ea7n M\u00f4i tr\u01b0\u1eddng M\u00ea K\u00f4ng Xanh<\/title>\n<meta name=\"robots\" content=\"index, follow, max-snippet:-1, max-image-preview:large, max-video-preview:-1\" \/>\n<link rel=\"canonical\" href=\"https:\/\/mekongxanh.vn\/en\/product\/dem-vi-sinh-dang-cau-d50\/\" \/>\n<meta property=\"og:locale\" content=\"en_US\" \/>\n<meta property=\"og:type\" content=\"article\" \/>\n<meta property=\"og:title\" content=\"\u0110\u1ec7m vi sinh d\u1ea1ng c\u1ea7u D50 - C\u00f4ng ty C\u1ed5 ph\u1ea7n M\u00f4i tr\u01b0\u1eddng M\u00ea K\u00f4ng Xanh\" \/>\n<meta property=\"og:description\" content=\"+ T\u00ean m\u1eb7t h\u00e0ng: \u0110\u1ec7m vi sinh d\u1ea1ng c\u1ea7u D50 + Di\u1ec7n ti\u1ebfp x\u00fac: 350 - 500 m2\/m3 + \u0110\u1ed9 r\u1ed7ng x\u1ed1p: 93 - 96% + K\u00edch th\u01b0\u1edbc: 50mm + Nhi\u1ec7t \u0111\u1ed9 l\u00e0m vi\u1ec7c: 5 - 80 \u0111\u1ed9 C + \u00c1p su\u1ea5t: 1 - 3 bar + V\u1eadt li\u1ec7u nh\u1ef1a PP \u0111\u00fac nguy\u00ean kh\u1ed1i + Quy c\u00e1ch: 1m3 = 6.000 tr\u00e1i + M\u00e0u s\u1eafc: \u0111en\" \/>\n<meta property=\"og:url\" content=\"https:\/\/mekongxanh.vn\/en\/product\/dem-vi-sinh-dang-cau-d50\/\" \/>\n<meta property=\"og:site_name\" content=\"C\u00f4ng ty C\u1ed5 ph\u1ea7n M\u00f4i tr\u01b0\u1eddng M\u00ea K\u00f4ng Xanh\" \/>\n<meta property=\"article:publisher\" content=\"https:\/\/www.facebook.com\/Cng-Ty-C-Phn-Mi-Trng-M-Kng-Xanh-111883474894318\" \/>\n<meta property=\"og:image\" content=\"https:\/\/mekongxanh.vn\/wp-content\/uploads\/2022\/05\/d50-4546.jpg\" \/>\n\t<meta property=\"og:image:width\" content=\"526\" \/>\n\t<meta property=\"og:image:height\" content=\"368\" \/>\n\t<meta property=\"og:image:type\" content=\"image\/jpeg\" \/>\n<meta name=\"twitter:card\" content=\"summary_large_image\" \/>\n<script type=\"application\/ld+json\" class=\"yoast-schema-graph\">{\"@context\":\"https:\/\/schema.org\",\"@graph\":[{\"@type\":\"WebPage\",\"@id\":\"https:\/\/mekongxanh.vn\/san-pham\/dem-vi-sinh-dang-cau-d50\/\",\"url\":\"https:\/\/mekongxanh.vn\/san-pham\/dem-vi-sinh-dang-cau-d50\/\",\"name\":\"\u0110\u1ec7m vi sinh d\u1ea1ng c\u1ea7u D50 - C\u00f4ng ty C\u1ed5 ph\u1ea7n M\u00f4i tr\u01b0\u1eddng M\u00ea K\u00f4ng Xanh\",\"isPartOf\":{\"@id\":\"https:\/\/mekongxanh.vn\/#website\"},\"datePublished\":\"2022-05-16T10:38:13+00:00\",\"dateModified\":\"2022-05-16T10:38:13+00:00\",\"breadcrumb\":{\"@id\":\"https:\/\/mekongxanh.vn\/san-pham\/dem-vi-sinh-dang-cau-d50\/#breadcrumb\"},\"inLanguage\":\"en-US\",\"potentialAction\":[{\"@type\":\"ReadAction\",\"target\":[\"https:\/\/mekongxanh.vn\/san-pham\/dem-vi-sinh-dang-cau-d50\/\"]}]},{\"@type\":\"BreadcrumbList\",\"@id\":\"https:\/\/mekongxanh.vn\/san-pham\/dem-vi-sinh-dang-cau-d50\/#breadcrumb\",\"itemListElement\":[{\"@type\":\"ListItem\",\"position\":1,\"name\":\"Trang ch\u1ee7\",\"item\":\"https:\/\/mekongxanh.vn\/\"},{\"@type\":\"ListItem\",\"position\":2,\"name\":\"C\u1eeda h\u00e0ng\",\"item\":\"https:\/\/mekongxanh.vn\/cua-hang\/\"},{\"@type\":\"ListItem\",\"position\":3,\"name\":\"\u0110\u1ec7m vi sinh d\u1ea1ng c\u1ea7u D50\"}]},{\"@type\":\"WebSite\",\"@id\":\"https:\/\/mekongxanh.vn\/#website\",\"url\":\"https:\/\/mekongxanh.vn\/\",\"name\":\"C\u00f4ng ty C\u1ed5 ph\u1ea7n M\u00f4i tr\u01b0\u1eddng M\u00ea K\u00f4ng Xanh\",\"description\":\"\",\"publisher\":{\"@id\":\"https:\/\/mekongxanh.vn\/#organization\"},\"potentialAction\":[{\"@type\":\"SearchAction\",\"target\":{\"@type\":\"EntryPoint\",\"urlTemplate\":\"https:\/\/mekongxanh.vn\/?s={search_term_string}\"},\"query-input\":{\"@type\":\"PropertyValueSpecification\",\"valueRequired\":true,\"valueName\":\"search_term_string\"}}],\"inLanguage\":\"en-US\"},{\"@type\":\"Organization\",\"@id\":\"https:\/\/mekongxanh.vn\/#organization\",\"name\":\"C\u00f4ng Ty C\u1ed5 Ph\u1ea7n M\u00f4i Tr\u01b0\u1eddng M\u00ea K\u00f4ng Xanh\",\"url\":\"https:\/\/mekongxanh.vn\/\",\"logo\":{\"@type\":\"ImageObject\",\"inLanguage\":\"en-US\",\"@id\":\"https:\/\/mekongxanh.vn\/#\/schema\/logo\/image\/\",\"url\":\"https:\/\/mekongxanh.vn\/wp-content\/uploads\/2022\/05\/LOGO-MOI.png\",\"contentUrl\":\"https:\/\/mekongxanh.vn\/wp-content\/uploads\/2022\/05\/LOGO-MOI.png\",\"width\":2977,\"height\":897,\"caption\":\"C\u00f4ng Ty C\u1ed5 Ph\u1ea7n M\u00f4i Tr\u01b0\u1eddng M\u00ea K\u00f4ng Xanh\"},\"image\":{\"@id\":\"https:\/\/mekongxanh.vn\/#\/schema\/logo\/image\/\"},\"sameAs\":[\"https:\/\/www.facebook.com\/Cng-Ty-C-Phn-Mi-Trng-M-Kng-Xanh-111883474894318\"]}]}<\/script>\n<!-- \/ Yoast SEO plugin. -->","yoast_head_json":{"title":"\u0110\u1ec7m vi sinh d\u1ea1ng c\u1ea7u D50 - C\u00f4ng ty C\u1ed5 ph\u1ea7n M\u00f4i tr\u01b0\u1eddng M\u00ea K\u00f4ng Xanh","robots":{"index":"index","follow":"follow","max-snippet":"max-snippet:-1","max-image-preview":"max-image-preview:large","max-video-preview":"max-video-preview:-1"},"canonical":"https:\/\/mekongxanh.vn\/en\/product\/dem-vi-sinh-dang-cau-d50\/","og_locale":"en_US","og_type":"article","og_title":"\u0110\u1ec7m vi sinh d\u1ea1ng c\u1ea7u D50 - C\u00f4ng ty C\u1ed5 ph\u1ea7n M\u00f4i tr\u01b0\u1eddng M\u00ea K\u00f4ng Xanh","og_description":"+ T\u00ean m\u1eb7t h\u00e0ng: \u0110\u1ec7m vi sinh d\u1ea1ng c\u1ea7u D50 + Di\u1ec7n ti\u1ebfp x\u00fac: 350 - 500 m2\/m3 + \u0110\u1ed9 r\u1ed7ng x\u1ed1p: 93 - 96% + K\u00edch th\u01b0\u1edbc: 50mm + Nhi\u1ec7t \u0111\u1ed9 l\u00e0m vi\u1ec7c: 5 - 80 \u0111\u1ed9 C + \u00c1p su\u1ea5t: 1 - 3 bar + V\u1eadt li\u1ec7u nh\u1ef1a PP \u0111\u00fac nguy\u00ean kh\u1ed1i + Quy c\u00e1ch: 1m3 = 6.000 tr\u00e1i + M\u00e0u s\u1eafc: \u0111en","og_url":"https:\/\/mekongxanh.vn\/en\/product\/dem-vi-sinh-dang-cau-d50\/","og_site_name":"C\u00f4ng ty C\u1ed5 ph\u1ea7n M\u00f4i tr\u01b0\u1eddng M\u00ea K\u00f4ng Xanh","article_publisher":"https:\/\/www.facebook.com\/Cng-Ty-C-Phn-Mi-Trng-M-Kng-Xanh-111883474894318","og_image":[{"width":526,"height":368,"url":"https:\/\/mekongxanh.vn\/wp-content\/uploads\/2022\/05\/d50-4546.jpg","type":"image\/jpeg"}],"twitter_card":"summary_large_image","schema":{"@context":"https:\/\/schema.org","@graph":[{"@type":"WebPage","@id":"https:\/\/mekongxanh.vn\/san-pham\/dem-vi-sinh-dang-cau-d50\/","url":"https:\/\/mekongxanh.vn\/san-pham\/dem-vi-sinh-dang-cau-d50\/","name":"\u0110\u1ec7m vi sinh d\u1ea1ng c\u1ea7u D50 - C\u00f4ng ty C\u1ed5 ph\u1ea7n M\u00f4i tr\u01b0\u1eddng M\u00ea K\u00f4ng Xanh","isPartOf":{"@id":"https:\/\/mekongxanh.vn\/#website"},"datePublished":"2022-05-16T10:38:13+00:00","dateModified":"2022-05-16T10:38:13+00:00","breadcrumb":{"@id":"https:\/\/mekongxanh.vn\/san-pham\/dem-vi-sinh-dang-cau-d50\/#breadcrumb"},"inLanguage":"en-US","potentialAction":[{"@type":"ReadAction","target":["https:\/\/mekongxanh.vn\/san-pham\/dem-vi-sinh-dang-cau-d50\/"]}]},{"@type":"BreadcrumbList","@id":"https:\/\/mekongxanh.vn\/san-pham\/dem-vi-sinh-dang-cau-d50\/#breadcrumb","itemListElement":[{"@type":"ListItem","position":1,"name":"Trang ch\u1ee7","item":"https:\/\/mekongxanh.vn\/"},{"@type":"ListItem","position":2,"name":"C\u1eeda h\u00e0ng","item":"https:\/\/mekongxanh.vn\/cua-hang\/"},{"@type":"ListItem","position":3,"name":"\u0110\u1ec7m vi sinh d\u1ea1ng c\u1ea7u D50"}]},{"@type":"WebSite","@id":"https:\/\/mekongxanh.vn\/#website","url":"https:\/\/mekongxanh.vn\/","name":"C\u00f4ng ty C\u1ed5 ph\u1ea7n M\u00f4i tr\u01b0\u1eddng M\u00ea K\u00f4ng Xanh","description":"","publisher":{"@id":"https:\/\/mekongxanh.vn\/#organization"},"potentialAction":[{"@type":"SearchAction","target":{"@type":"EntryPoint","urlTemplate":"https:\/\/mekongxanh.vn\/?s={search_term_string}"},"query-input":{"@type":"PropertyValueSpecification","valueRequired":true,"valueName":"search_term_string"}}],"inLanguage":"en-US"},{"@type":"Organization","@id":"https:\/\/mekongxanh.vn\/#organization","name":"C\u00f4ng Ty C\u1ed5 Ph\u1ea7n M\u00f4i Tr\u01b0\u1eddng M\u00ea K\u00f4ng Xanh","url":"https:\/\/mekongxanh.vn\/","logo":{"@type":"ImageObject","inLanguage":"en-US","@id":"https:\/\/mekongxanh.vn\/#\/schema\/logo\/image\/","url":"https:\/\/mekongxanh.vn\/wp-content\/uploads\/2022\/05\/LOGO-MOI.png","contentUrl":"https:\/\/mekongxanh.vn\/wp-content\/uploads\/2022\/05\/LOGO-MOI.png","width":2977,"height":897,"caption":"C\u00f4ng Ty C\u1ed5 Ph\u1ea7n M\u00f4i Tr\u01b0\u1eddng M\u00ea K\u00f4ng Xanh"},"image":{"@id":"https:\/\/mekongxanh.vn\/#\/schema\/logo\/image\/"},"sameAs":["https:\/\/www.facebook.com\/Cng-Ty-C-Phn-Mi-Trng-M-Kng-Xanh-111883474894318"]}]}},"_links":{"self":[{"href":"https:\/\/mekongxanh.vn\/en\/wp-json\/wp\/v2\/product\/328","targetHints":{"allow":["GET"]}}],"collection":[{"href":"https:\/\/mekongxanh.vn\/en\/wp-json\/wp\/v2\/product"}],"about":[{"href":"https:\/\/mekongxanh.vn\/en\/wp-json\/wp\/v2\/types\/product"}],"replies":[{"embeddable":true,"href":"https:\/\/mekongxanh.vn\/en\/wp-json\/wp\/v2\/comments?post=328"}],"wp:attachment":[{"href":"https:\/\/mekongxanh.vn\/en\/wp-json\/wp\/v2\/media?parent=328"}],"wp:term":[{"taxonomy":"product_cat","embeddable":true,"href":"https:\/\/mekongxanh.vn\/en\/wp-json\/wp\/v2\/product_cat?post=328"},{"taxonomy":"product_tag","embeddable":true,"href":"https:\/\/mekongxanh.vn\/en\/wp-json\/wp\/v2\/product_tag?post=328"}],"curies":[{"name":"wp","href":"https:\/\/api.w.org\/{rel}","templated":true}]}}