{"id":334,"date":"2022-05-16T17:41:32","date_gmt":"2022-05-16T10:41:32","guid":{"rendered":"https:\/\/mekongxanh.vn\/?post_type=product&#038;p=334"},"modified":"2022-07-04T10:55:58","modified_gmt":"2022-07-04T03:55:58","slug":"phen-nhom","status":"publish","type":"product","link":"https:\/\/mekongxanh.vn\/en\/product\/phen-nhom\/","title":{"rendered":"Alum Al203 14.5%"},"content":{"rendered":"<h1><strong><span id=\"ContentPlaceHolder1_ctl00_lbNewsTitle\">Aluminum alum \u2013 Industrial chemicals<\/span><\/strong><\/h1>\n<div class=\"innerDetailNews\">\n<p><strong>Specifications:<\/strong><\/p>\n<table style=\"height: 274px;\" width=\"1447\">\n<tbody>\n<tr>\n<td width=\"16\">STT<\/td>\n<td width=\"281\"><strong>Parameter<\/strong><\/td>\n<td width=\"185\"><strong>Value<\/strong><\/td>\n<\/tr>\n<tr>\n<td width=\"16\">1<\/td>\n<td width=\"281\">Al content<sub>2<\/sub>O<sub>3<\/sub><\/td>\n<td width=\"185\">\u226514.5%<\/td>\n<\/tr>\n<tr>\n<td width=\"16\">2<\/td>\n<td width=\"281\">Fe<sub>2<\/sub>O<sub>3<\/sub><\/td>\n<td width=\"185\">\u22641%<\/td>\n<\/tr>\n<tr>\n<td width=\"16\">3<\/td>\n<td width=\"281\">H<sub>2<\/sub>SO<sub>4<\/sub><\/td>\n<td width=\"185\">\u22640.5%<\/td>\n<\/tr>\n<tr>\n<td width=\"16\">4<\/td>\n<td width=\"281\">Amount of residue insoluble in water<\/td>\n<td width=\"185\">\u22641%<\/td>\n<\/tr>\n<tr>\n<td width=\"16\">5<\/td>\n<td width=\"281\">pH(1% solution)<\/td>\n<td width=\"185\">3.0<\/td>\n<\/tr>\n<\/tbody>\n<\/table>\n<p><strong>Application:<\/strong>Aluminum sulfate (aluminum alum) is used mainly in the paper industry, dyeing, tanning and as a coagulant for making in water. These uses all stem from the fact that aluminum salts hydrolyze quite strongly in water to form aluminum hydroxide.<\/p>\n<p>\u2013\u00a0<strong>In fabric dyeing:<\/strong>\u00a0\u00a0When dyeing that hydroxide, it is adsorbed by the fabric fiber and held firmly on the fiber, it will combine with the dye to form a stable color, so it has the effect of a mordant.<\/p>\n<p><strong>In water treatment:<\/strong>\u00a0There is a flocculating effect in water because that hydroxide, with a very developed surface, adsorbs suspended substances in the water, pulling them together to settle down.<\/p>\n<p>\u2013\u00a0<strong>In the paper industry:<\/strong>\u00a0Aluminum sulfate is added to the pulp along with table salt. Aluminum chloride, formed by an exchange reaction, is hydrolysed more strongly to hydroxide. This hydroxide will bind the cellulose fibers together so that the paper does not smudge when writing.<\/p>\n<p>Salts of aluminum in general and aluminum sulfate in particular are widely used, especially in\u00a0<strong>Water treatment.<\/strong><\/p>\n<table>\n<tbody>\n<tr>\n<td width=\"35\">STT<\/td>\n<td width=\"150\"><strong>Parameter<\/strong><\/td>\n<td width=\"162\"><strong>Unit<\/strong><\/td>\n<td width=\"204\"><strong>Value<\/strong><\/td>\n<\/tr>\n<tr>\n<td width=\"35\">1<\/td>\n<td width=\"150\">Proportion<\/td>\n<td width=\"162\">g\/cm<sup>3<\/sup><\/td>\n<td width=\"204\">2,672<\/td>\n<\/tr>\n<tr>\n<td width=\"35\">2<\/td>\n<td width=\"150\">Melting point<\/td>\n<td width=\"162\">\u00b0C<\/td>\n<td width=\"204\">770<\/td>\n<\/tr>\n<tr>\n<td width=\"35\">3<\/td>\n<td width=\"150\">Solubility in water<\/td>\n<td width=\"162\">g\/100mL<\/td>\n<td width=\"204\">31.2 (0 \u00b0C)<br \/>\n36.4 (20 \u00b0C)<br \/>\n89.0 (100 \u00b0C)<\/td>\n<\/tr>\n<\/tbody>\n<\/table>\n<\/div>","protected":false},"excerpt":{"rendered":"<p>Aluminum alum (Al203 14.5%)<\/p>\n<p>Made in Viet Nam<\/p>\n<p>Specification: 25kg\/bag<\/p>","protected":false},"featured_media":2509,"comment_status":"open","ping_status":"closed","template":"","meta":{"site-sidebar-layout":"default","site-content-layout":"default","ast-global-header-display":"","ast-main-header-display":"","ast-hfb-above-header-display":"","ast-hfb-below-header-display":"","ast-hfb-mobile-header-display":"","site-post-title":"","ast-breadcrumbs-content":"","ast-featured-img":"","footer-sml-layout":"","theme-transparent-header-meta":"default","adv-header-id-meta":"","stick-header-meta":"default","header-above-stick-meta":"","header-main-stick-meta":"","header-below-stick-meta":""},"product_cat":[16],"product_tag":[],"class_list":{"0":"post-334","1":"product","2":"type-product","3":"status-publish","4":"has-post-thumbnail","6":"product_cat-hoa-chat-xu-ly-moi-truong","7":"align-center","8":"box-shadow-0","9":"box-shadow-0-hover","10":"ast-product-gallery-layout-horizontal","11":"ast-product-tabs-layout-horizontal","13":"first","14":"instock","15":"shipping-taxable","16":"product-type-simple"},"yoast_head":"<!-- This site is optimized with the Yoast SEO plugin v24.0 - https:\/\/yoast.com\/wordpress\/plugins\/seo\/ -->\n<title>Ph\u00e8n nh\u00f4m Al203 \u2265 14,5% - C\u00f4ng ty C\u1ed5 ph\u1ea7n M\u00f4i tr\u01b0\u1eddng M\u00ea K\u00f4ng Xanh<\/title>\n<meta name=\"robots\" content=\"index, follow, max-snippet:-1, max-image-preview:large, max-video-preview:-1\" \/>\n<link rel=\"canonical\" href=\"https:\/\/mekongxanh.vn\/en\/product\/phen-nhom\/\" \/>\n<meta property=\"og:locale\" content=\"en_US\" \/>\n<meta property=\"og:type\" content=\"article\" \/>\n<meta property=\"og:title\" content=\"Ph\u00e8n nh\u00f4m Al203 \u2265 14,5% - C\u00f4ng ty C\u1ed5 ph\u1ea7n M\u00f4i tr\u01b0\u1eddng M\u00ea K\u00f4ng Xanh\" \/>\n<meta property=\"og:description\" content=\"Ph\u00e8n nh\u00f4m (Al203 \u2265 14,5%)  Xu\u1ea5t x\u1ee9: Vi\u1ec7t Nam  Quy c\u00e1ch: 25kg\/bao\" \/>\n<meta property=\"og:url\" content=\"https:\/\/mekongxanh.vn\/en\/product\/phen-nhom\/\" \/>\n<meta property=\"og:site_name\" content=\"C\u00f4ng ty C\u1ed5 ph\u1ea7n M\u00f4i tr\u01b0\u1eddng M\u00ea K\u00f4ng Xanh\" \/>\n<meta property=\"article:publisher\" content=\"https:\/\/www.facebook.com\/Cng-Ty-C-Phn-Mi-Trng-M-Kng-Xanh-111883474894318\" \/>\n<meta property=\"article:modified_time\" content=\"2022-07-04T03:55:58+00:00\" \/>\n<meta property=\"og:image\" content=\"https:\/\/mekongxanh.vn\/wp-content\/uploads\/2022\/05\/Phen-don1.jpg\" \/>\n\t<meta property=\"og:image:width\" content=\"614\" \/>\n\t<meta property=\"og:image:height\" content=\"469\" \/>\n\t<meta property=\"og:image:type\" content=\"image\/jpeg\" \/>\n<meta name=\"twitter:card\" content=\"summary_large_image\" \/>\n<meta name=\"twitter:label1\" content=\"Est. reading time\" \/>\n\t<meta name=\"twitter:data1\" content=\"2 minutes\" \/>\n<script type=\"application\/ld+json\" class=\"yoast-schema-graph\">{\"@context\":\"https:\/\/schema.org\",\"@graph\":[{\"@type\":\"WebPage\",\"@id\":\"https:\/\/mekongxanh.vn\/san-pham\/phen-nhom\/\",\"url\":\"https:\/\/mekongxanh.vn\/san-pham\/phen-nhom\/\",\"name\":\"Ph\u00e8n nh\u00f4m Al203 \u2265 14,5% - C\u00f4ng ty C\u1ed5 ph\u1ea7n M\u00f4i tr\u01b0\u1eddng M\u00ea K\u00f4ng Xanh\",\"isPartOf\":{\"@id\":\"https:\/\/mekongxanh.vn\/#website\"},\"primaryImageOfPage\":{\"@id\":\"https:\/\/mekongxanh.vn\/san-pham\/phen-nhom\/#primaryimage\"},\"image\":{\"@id\":\"https:\/\/mekongxanh.vn\/san-pham\/phen-nhom\/#primaryimage\"},\"thumbnailUrl\":\"https:\/\/mekongxanh.vn\/wp-content\/uploads\/2022\/05\/Phen-don1.jpg\",\"datePublished\":\"2022-05-16T10:41:32+00:00\",\"dateModified\":\"2022-07-04T03:55:58+00:00\",\"breadcrumb\":{\"@id\":\"https:\/\/mekongxanh.vn\/san-pham\/phen-nhom\/#breadcrumb\"},\"inLanguage\":\"en-US\",\"potentialAction\":[{\"@type\":\"ReadAction\",\"target\":[\"https:\/\/mekongxanh.vn\/san-pham\/phen-nhom\/\"]}]},{\"@type\":\"ImageObject\",\"inLanguage\":\"en-US\",\"@id\":\"https:\/\/mekongxanh.vn\/san-pham\/phen-nhom\/#primaryimage\",\"url\":\"https:\/\/mekongxanh.vn\/wp-content\/uploads\/2022\/05\/Phen-don1.jpg\",\"contentUrl\":\"https:\/\/mekongxanh.vn\/wp-content\/uploads\/2022\/05\/Phen-don1.jpg\",\"width\":614,\"height\":469,\"caption\":\"Ph\u00e8n nh\u00f4m, Ph\u00e8n nh\u00f4m sunfat, ph\u00e8n \u0111\u01a1n, L\u00e2m Thao,\"},{\"@type\":\"BreadcrumbList\",\"@id\":\"https:\/\/mekongxanh.vn\/san-pham\/phen-nhom\/#breadcrumb\",\"itemListElement\":[{\"@type\":\"ListItem\",\"position\":1,\"name\":\"Trang ch\u1ee7\",\"item\":\"https:\/\/mekongxanh.vn\/\"},{\"@type\":\"ListItem\",\"position\":2,\"name\":\"C\u1eeda h\u00e0ng\",\"item\":\"https:\/\/mekongxanh.vn\/cua-hang\/\"},{\"@type\":\"ListItem\",\"position\":3,\"name\":\"Ph\u00e8n nh\u00f4m Al203 \u2265 14,5%\"}]},{\"@type\":\"WebSite\",\"@id\":\"https:\/\/mekongxanh.vn\/#website\",\"url\":\"https:\/\/mekongxanh.vn\/\",\"name\":\"C\u00f4ng ty C\u1ed5 ph\u1ea7n M\u00f4i tr\u01b0\u1eddng M\u00ea K\u00f4ng Xanh\",\"description\":\"\",\"publisher\":{\"@id\":\"https:\/\/mekongxanh.vn\/#organization\"},\"potentialAction\":[{\"@type\":\"SearchAction\",\"target\":{\"@type\":\"EntryPoint\",\"urlTemplate\":\"https:\/\/mekongxanh.vn\/?s={search_term_string}\"},\"query-input\":{\"@type\":\"PropertyValueSpecification\",\"valueRequired\":true,\"valueName\":\"search_term_string\"}}],\"inLanguage\":\"en-US\"},{\"@type\":\"Organization\",\"@id\":\"https:\/\/mekongxanh.vn\/#organization\",\"name\":\"C\u00f4ng Ty C\u1ed5 Ph\u1ea7n M\u00f4i Tr\u01b0\u1eddng M\u00ea K\u00f4ng Xanh\",\"url\":\"https:\/\/mekongxanh.vn\/\",\"logo\":{\"@type\":\"ImageObject\",\"inLanguage\":\"en-US\",\"@id\":\"https:\/\/mekongxanh.vn\/#\/schema\/logo\/image\/\",\"url\":\"https:\/\/mekongxanh.vn\/wp-content\/uploads\/2022\/05\/LOGO-MOI.png\",\"contentUrl\":\"https:\/\/mekongxanh.vn\/wp-content\/uploads\/2022\/05\/LOGO-MOI.png\",\"width\":2977,\"height\":897,\"caption\":\"C\u00f4ng Ty C\u1ed5 Ph\u1ea7n M\u00f4i Tr\u01b0\u1eddng M\u00ea K\u00f4ng Xanh\"},\"image\":{\"@id\":\"https:\/\/mekongxanh.vn\/#\/schema\/logo\/image\/\"},\"sameAs\":[\"https:\/\/www.facebook.com\/Cng-Ty-C-Phn-Mi-Trng-M-Kng-Xanh-111883474894318\"]}]}<\/script>\n<!-- \/ Yoast SEO plugin. -->","yoast_head_json":{"title":"Ph\u00e8n nh\u00f4m Al203 \u2265 14,5% - C\u00f4ng ty C\u1ed5 ph\u1ea7n M\u00f4i tr\u01b0\u1eddng M\u00ea K\u00f4ng Xanh","robots":{"index":"index","follow":"follow","max-snippet":"max-snippet:-1","max-image-preview":"max-image-preview:large","max-video-preview":"max-video-preview:-1"},"canonical":"https:\/\/mekongxanh.vn\/en\/product\/phen-nhom\/","og_locale":"en_US","og_type":"article","og_title":"Ph\u00e8n nh\u00f4m Al203 \u2265 14,5% - C\u00f4ng ty C\u1ed5 ph\u1ea7n M\u00f4i tr\u01b0\u1eddng M\u00ea K\u00f4ng Xanh","og_description":"Ph\u00e8n nh\u00f4m (Al203 \u2265 14,5%)  Xu\u1ea5t x\u1ee9: Vi\u1ec7t Nam  Quy c\u00e1ch: 25kg\/bao","og_url":"https:\/\/mekongxanh.vn\/en\/product\/phen-nhom\/","og_site_name":"C\u00f4ng ty C\u1ed5 ph\u1ea7n M\u00f4i tr\u01b0\u1eddng M\u00ea K\u00f4ng Xanh","article_publisher":"https:\/\/www.facebook.com\/Cng-Ty-C-Phn-Mi-Trng-M-Kng-Xanh-111883474894318","article_modified_time":"2022-07-04T03:55:58+00:00","og_image":[{"width":614,"height":469,"url":"https:\/\/mekongxanh.vn\/wp-content\/uploads\/2022\/05\/Phen-don1.jpg","type":"image\/jpeg"}],"twitter_card":"summary_large_image","twitter_misc":{"Est. reading time":"2 minutes"},"schema":{"@context":"https:\/\/schema.org","@graph":[{"@type":"WebPage","@id":"https:\/\/mekongxanh.vn\/san-pham\/phen-nhom\/","url":"https:\/\/mekongxanh.vn\/san-pham\/phen-nhom\/","name":"Ph\u00e8n nh\u00f4m Al203 \u2265 14,5% - C\u00f4ng ty C\u1ed5 ph\u1ea7n M\u00f4i tr\u01b0\u1eddng M\u00ea K\u00f4ng Xanh","isPartOf":{"@id":"https:\/\/mekongxanh.vn\/#website"},"primaryImageOfPage":{"@id":"https:\/\/mekongxanh.vn\/san-pham\/phen-nhom\/#primaryimage"},"image":{"@id":"https:\/\/mekongxanh.vn\/san-pham\/phen-nhom\/#primaryimage"},"thumbnailUrl":"https:\/\/mekongxanh.vn\/wp-content\/uploads\/2022\/05\/Phen-don1.jpg","datePublished":"2022-05-16T10:41:32+00:00","dateModified":"2022-07-04T03:55:58+00:00","breadcrumb":{"@id":"https:\/\/mekongxanh.vn\/san-pham\/phen-nhom\/#breadcrumb"},"inLanguage":"en-US","potentialAction":[{"@type":"ReadAction","target":["https:\/\/mekongxanh.vn\/san-pham\/phen-nhom\/"]}]},{"@type":"ImageObject","inLanguage":"en-US","@id":"https:\/\/mekongxanh.vn\/san-pham\/phen-nhom\/#primaryimage","url":"https:\/\/mekongxanh.vn\/wp-content\/uploads\/2022\/05\/Phen-don1.jpg","contentUrl":"https:\/\/mekongxanh.vn\/wp-content\/uploads\/2022\/05\/Phen-don1.jpg","width":614,"height":469,"caption":"Ph\u00e8n nh\u00f4m, Ph\u00e8n nh\u00f4m sunfat, ph\u00e8n \u0111\u01a1n, L\u00e2m Thao,"},{"@type":"BreadcrumbList","@id":"https:\/\/mekongxanh.vn\/san-pham\/phen-nhom\/#breadcrumb","itemListElement":[{"@type":"ListItem","position":1,"name":"Trang ch\u1ee7","item":"https:\/\/mekongxanh.vn\/"},{"@type":"ListItem","position":2,"name":"C\u1eeda h\u00e0ng","item":"https:\/\/mekongxanh.vn\/cua-hang\/"},{"@type":"ListItem","position":3,"name":"Ph\u00e8n nh\u00f4m Al203 \u2265 14,5%"}]},{"@type":"WebSite","@id":"https:\/\/mekongxanh.vn\/#website","url":"https:\/\/mekongxanh.vn\/","name":"C\u00f4ng ty C\u1ed5 ph\u1ea7n M\u00f4i tr\u01b0\u1eddng M\u00ea K\u00f4ng Xanh","description":"","publisher":{"@id":"https:\/\/mekongxanh.vn\/#organization"},"potentialAction":[{"@type":"SearchAction","target":{"@type":"EntryPoint","urlTemplate":"https:\/\/mekongxanh.vn\/?s={search_term_string}"},"query-input":{"@type":"PropertyValueSpecification","valueRequired":true,"valueName":"search_term_string"}}],"inLanguage":"en-US"},{"@type":"Organization","@id":"https:\/\/mekongxanh.vn\/#organization","name":"C\u00f4ng Ty C\u1ed5 Ph\u1ea7n M\u00f4i Tr\u01b0\u1eddng M\u00ea K\u00f4ng Xanh","url":"https:\/\/mekongxanh.vn\/","logo":{"@type":"ImageObject","inLanguage":"en-US","@id":"https:\/\/mekongxanh.vn\/#\/schema\/logo\/image\/","url":"https:\/\/mekongxanh.vn\/wp-content\/uploads\/2022\/05\/LOGO-MOI.png","contentUrl":"https:\/\/mekongxanh.vn\/wp-content\/uploads\/2022\/05\/LOGO-MOI.png","width":2977,"height":897,"caption":"C\u00f4ng Ty C\u1ed5 Ph\u1ea7n M\u00f4i Tr\u01b0\u1eddng M\u00ea K\u00f4ng Xanh"},"image":{"@id":"https:\/\/mekongxanh.vn\/#\/schema\/logo\/image\/"},"sameAs":["https:\/\/www.facebook.com\/Cng-Ty-C-Phn-Mi-Trng-M-Kng-Xanh-111883474894318"]}]}},"_links":{"self":[{"href":"https:\/\/mekongxanh.vn\/en\/wp-json\/wp\/v2\/product\/334","targetHints":{"allow":["GET"]}}],"collection":[{"href":"https:\/\/mekongxanh.vn\/en\/wp-json\/wp\/v2\/product"}],"about":[{"href":"https:\/\/mekongxanh.vn\/en\/wp-json\/wp\/v2\/types\/product"}],"replies":[{"embeddable":true,"href":"https:\/\/mekongxanh.vn\/en\/wp-json\/wp\/v2\/comments?post=334"}],"wp:featuredmedia":[{"embeddable":true,"href":"https:\/\/mekongxanh.vn\/en\/wp-json\/wp\/v2\/media\/2509"}],"wp:attachment":[{"href":"https:\/\/mekongxanh.vn\/en\/wp-json\/wp\/v2\/media?parent=334"}],"wp:term":[{"taxonomy":"product_cat","embeddable":true,"href":"https:\/\/mekongxanh.vn\/en\/wp-json\/wp\/v2\/product_cat?post=334"},{"taxonomy":"product_tag","embeddable":true,"href":"https:\/\/mekongxanh.vn\/en\/wp-json\/wp\/v2\/product_tag?post=334"}],"curies":[{"name":"wp","href":"https:\/\/api.w.org\/{rel}","templated":true}]}}