{"id":336,"date":"2022-05-16T17:42:43","date_gmt":"2022-05-16T10:42:43","guid":{"rendered":"https:\/\/mekongxanh.vn\/?post_type=product&#038;p=336"},"modified":"2022-07-04T16:48:34","modified_gmt":"2022-07-04T09:48:34","slug":"poly-aluminium-chloride-31-pac","status":"publish","type":"product","link":"https:\/\/mekongxanh.vn\/en\/product\/poly-aluminium-chloride-31-pac\/","title":{"rendered":"Poly Aluminum Chloride 31% (PAC)"},"content":{"rendered":"<p>Chemical name:\u00a0<strong>Poly Aluminum Chloride 31%<\/strong>\u00a0acronym\u00a0\u00a0<strong>chemistry\u00a0<\/strong><strong>PAC<\/strong><\/p>\n<p><strong>Origin<\/strong>\u00a0: China and India<\/p>\n<p><strong>Specifications<\/strong>: 25kg\/bag<\/p>\n<p><strong>External inspection<\/strong>\u00a0: lemon yellow powder, dark yellow completely soluble in water<\/p>\n<p><strong>Uses\u00a0<\/strong><\/p>\n<p>Currently chemicals\u00a0<strong>Poly Aluminum Chloride 31% (PAC)\u00a0<\/strong>more and more widely used compared to aluminum sulfate alum because of its flocculation and sedimentation efficiency, which is 4-5 times higher than that of aluminum sulfate, but causes less pH change in water compared to other types of water. Other common chemicals with economic efficiency should be used in many industries such as wastewater treatment in textile dyeing and paper ..., domestic water, swimming pool water, aquaculture...<\/p>\n<p>Chemistry\u00a0<strong>Poly Aluminum Chloride 31% (PAC)\u00a0<\/strong>There are two types of flocculation and flocculation<\/p>\n<p>-With flocculation auxiliaries: after using chemicals in ponds and lakes, all sediment will be completely settled on the bottom of the lake, depending on the user and the amount of waste that the user can use a vacuum cleaner. to clean the residue<\/p>\n<p>-With flocculation flocculation: the user can use a tool to pick up the residues to clean the pond, but depending on the purpose of use, the user chooses the right product.<\/p>\n<p>However, today most users choose\u00a0<strong>Poly Aluminum Chloride 31% (PAC)\u00a0<\/strong>Submergence support for convenience, less time and effort as well as aesthetics.<\/p>\n<p><strong>Note:<\/strong>\u00a0when using\u00a0<strong>Poly Aluminum Chloride 31% (PAC)\u00a0<\/strong>For domestic water treatment, users should find a reputable supplier to have quality products because it will cause many health consequences. After purifying water with chemicals, when drinking, we should boil it. Boil or disinfect water according to the dosage instructions.<\/p>\n<p><strong>Preserve:<\/strong>\u00a0Sealed, keep in a dry place to avoid moisture for long-term storage<\/p>","protected":false},"excerpt":{"rendered":"<p>Poly Aluminum Chloride 31% (PAC) \u2013 lemon yellow<\/p>","protected":false},"featured_media":2521,"comment_status":"open","ping_status":"closed","template":"","meta":{"site-sidebar-layout":"default","site-content-layout":"default","ast-global-header-display":"","ast-main-header-display":"","ast-hfb-above-header-display":"","ast-hfb-below-header-display":"","ast-hfb-mobile-header-display":"","site-post-title":"","ast-breadcrumbs-content":"","ast-featured-img":"","footer-sml-layout":"","theme-transparent-header-meta":"default","adv-header-id-meta":"","stick-header-meta":"default","header-above-stick-meta":"","header-main-stick-meta":"","header-below-stick-meta":""},"product_cat":[16],"product_tag":[],"class_list":{"0":"post-336","1":"product","2":"type-product","3":"status-publish","4":"has-post-thumbnail","6":"product_cat-hoa-chat-xu-ly-moi-truong","7":"align-center","8":"box-shadow-0","9":"box-shadow-0-hover","10":"ast-product-gallery-layout-horizontal","11":"ast-product-tabs-layout-horizontal","13":"first","14":"instock","15":"shipping-taxable","16":"product-type-simple"},"yoast_head":"<!-- This site is optimized with the Yoast SEO plugin v24.0 - https:\/\/yoast.com\/wordpress\/plugins\/seo\/ -->\n<title>Poly Aluminium Chloride 31% (PAC) - C\u00f4ng ty C\u1ed5 ph\u1ea7n M\u00f4i tr\u01b0\u1eddng M\u00ea K\u00f4ng Xanh<\/title>\n<meta name=\"robots\" content=\"index, follow, max-snippet:-1, max-image-preview:large, max-video-preview:-1\" \/>\n<link rel=\"canonical\" href=\"https:\/\/mekongxanh.vn\/en\/product\/poly-aluminium-chloride-31-pac\/\" \/>\n<meta property=\"og:locale\" content=\"en_US\" \/>\n<meta property=\"og:type\" content=\"article\" \/>\n<meta property=\"og:title\" content=\"Poly Aluminium Chloride 31% (PAC) - C\u00f4ng ty C\u1ed5 ph\u1ea7n M\u00f4i tr\u01b0\u1eddng M\u00ea K\u00f4ng Xanh\" \/>\n<meta property=\"og:description\" content=\"Poly Aluminium Chloride 31% (PAC) - v\u00e0ng chanh\" \/>\n<meta property=\"og:url\" content=\"https:\/\/mekongxanh.vn\/en\/product\/poly-aluminium-chloride-31-pac\/\" \/>\n<meta property=\"og:site_name\" content=\"C\u00f4ng ty C\u1ed5 ph\u1ea7n M\u00f4i tr\u01b0\u1eddng M\u00ea K\u00f4ng Xanh\" \/>\n<meta property=\"article:publisher\" content=\"https:\/\/www.facebook.com\/Cng-Ty-C-Phn-Mi-Trng-M-Kng-Xanh-111883474894318\" \/>\n<meta property=\"article:modified_time\" content=\"2022-07-04T09:48:34+00:00\" \/>\n<meta property=\"og:image\" content=\"https:\/\/mekongxanh.vn\/wp-content\/uploads\/2022\/05\/pac-n_1631606857_1631698039.jpg\" \/>\n\t<meta property=\"og:image:width\" content=\"2048\" \/>\n\t<meta property=\"og:image:height\" content=\"2048\" \/>\n\t<meta property=\"og:image:type\" content=\"image\/jpeg\" \/>\n<meta name=\"twitter:card\" content=\"summary_large_image\" \/>\n<meta name=\"twitter:label1\" content=\"Est. reading time\" \/>\n\t<meta name=\"twitter:data1\" content=\"3 minutes\" \/>\n<script type=\"application\/ld+json\" class=\"yoast-schema-graph\">{\"@context\":\"https:\/\/schema.org\",\"@graph\":[{\"@type\":\"WebPage\",\"@id\":\"https:\/\/mekongxanh.vn\/san-pham\/poly-aluminium-chloride-31-pac\/\",\"url\":\"https:\/\/mekongxanh.vn\/san-pham\/poly-aluminium-chloride-31-pac\/\",\"name\":\"Poly Aluminium Chloride 31% (PAC) - C\u00f4ng ty C\u1ed5 ph\u1ea7n M\u00f4i tr\u01b0\u1eddng M\u00ea K\u00f4ng Xanh\",\"isPartOf\":{\"@id\":\"https:\/\/mekongxanh.vn\/#website\"},\"primaryImageOfPage\":{\"@id\":\"https:\/\/mekongxanh.vn\/san-pham\/poly-aluminium-chloride-31-pac\/#primaryimage\"},\"image\":{\"@id\":\"https:\/\/mekongxanh.vn\/san-pham\/poly-aluminium-chloride-31-pac\/#primaryimage\"},\"thumbnailUrl\":\"https:\/\/mekongxanh.vn\/wp-content\/uploads\/2022\/05\/pac-n_1631606857_1631698039.jpg\",\"datePublished\":\"2022-05-16T10:42:43+00:00\",\"dateModified\":\"2022-07-04T09:48:34+00:00\",\"breadcrumb\":{\"@id\":\"https:\/\/mekongxanh.vn\/san-pham\/poly-aluminium-chloride-31-pac\/#breadcrumb\"},\"inLanguage\":\"en-US\",\"potentialAction\":[{\"@type\":\"ReadAction\",\"target\":[\"https:\/\/mekongxanh.vn\/san-pham\/poly-aluminium-chloride-31-pac\/\"]}]},{\"@type\":\"ImageObject\",\"inLanguage\":\"en-US\",\"@id\":\"https:\/\/mekongxanh.vn\/san-pham\/poly-aluminium-chloride-31-pac\/#primaryimage\",\"url\":\"https:\/\/mekongxanh.vn\/wp-content\/uploads\/2022\/05\/pac-n_1631606857_1631698039.jpg\",\"contentUrl\":\"https:\/\/mekongxanh.vn\/wp-content\/uploads\/2022\/05\/pac-n_1631606857_1631698039.jpg\",\"width\":2048,\"height\":2048,\"caption\":\"POLY ALUMINIUM CHLORIDE\"},{\"@type\":\"BreadcrumbList\",\"@id\":\"https:\/\/mekongxanh.vn\/san-pham\/poly-aluminium-chloride-31-pac\/#breadcrumb\",\"itemListElement\":[{\"@type\":\"ListItem\",\"position\":1,\"name\":\"Trang ch\u1ee7\",\"item\":\"https:\/\/mekongxanh.vn\/\"},{\"@type\":\"ListItem\",\"position\":2,\"name\":\"C\u1eeda h\u00e0ng\",\"item\":\"https:\/\/mekongxanh.vn\/cua-hang\/\"},{\"@type\":\"ListItem\",\"position\":3,\"name\":\"Poly Aluminium Chloride 31% (PAC)\"}]},{\"@type\":\"WebSite\",\"@id\":\"https:\/\/mekongxanh.vn\/#website\",\"url\":\"https:\/\/mekongxanh.vn\/\",\"name\":\"C\u00f4ng ty C\u1ed5 ph\u1ea7n M\u00f4i tr\u01b0\u1eddng M\u00ea K\u00f4ng Xanh\",\"description\":\"\",\"publisher\":{\"@id\":\"https:\/\/mekongxanh.vn\/#organization\"},\"potentialAction\":[{\"@type\":\"SearchAction\",\"target\":{\"@type\":\"EntryPoint\",\"urlTemplate\":\"https:\/\/mekongxanh.vn\/?s={search_term_string}\"},\"query-input\":{\"@type\":\"PropertyValueSpecification\",\"valueRequired\":true,\"valueName\":\"search_term_string\"}}],\"inLanguage\":\"en-US\"},{\"@type\":\"Organization\",\"@id\":\"https:\/\/mekongxanh.vn\/#organization\",\"name\":\"C\u00f4ng Ty C\u1ed5 Ph\u1ea7n M\u00f4i Tr\u01b0\u1eddng M\u00ea K\u00f4ng Xanh\",\"url\":\"https:\/\/mekongxanh.vn\/\",\"logo\":{\"@type\":\"ImageObject\",\"inLanguage\":\"en-US\",\"@id\":\"https:\/\/mekongxanh.vn\/#\/schema\/logo\/image\/\",\"url\":\"https:\/\/mekongxanh.vn\/wp-content\/uploads\/2022\/05\/LOGO-MOI.png\",\"contentUrl\":\"https:\/\/mekongxanh.vn\/wp-content\/uploads\/2022\/05\/LOGO-MOI.png\",\"width\":2977,\"height\":897,\"caption\":\"C\u00f4ng Ty C\u1ed5 Ph\u1ea7n M\u00f4i Tr\u01b0\u1eddng M\u00ea K\u00f4ng Xanh\"},\"image\":{\"@id\":\"https:\/\/mekongxanh.vn\/#\/schema\/logo\/image\/\"},\"sameAs\":[\"https:\/\/www.facebook.com\/Cng-Ty-C-Phn-Mi-Trng-M-Kng-Xanh-111883474894318\"]}]}<\/script>\n<!-- \/ Yoast SEO plugin. -->","yoast_head_json":{"title":"Poly Aluminium Chloride 31% (PAC) - C\u00f4ng ty C\u1ed5 ph\u1ea7n M\u00f4i tr\u01b0\u1eddng M\u00ea K\u00f4ng Xanh","robots":{"index":"index","follow":"follow","max-snippet":"max-snippet:-1","max-image-preview":"max-image-preview:large","max-video-preview":"max-video-preview:-1"},"canonical":"https:\/\/mekongxanh.vn\/en\/product\/poly-aluminium-chloride-31-pac\/","og_locale":"en_US","og_type":"article","og_title":"Poly Aluminium Chloride 31% (PAC) - C\u00f4ng ty C\u1ed5 ph\u1ea7n M\u00f4i tr\u01b0\u1eddng M\u00ea K\u00f4ng Xanh","og_description":"Poly Aluminium Chloride 31% (PAC) - v\u00e0ng chanh","og_url":"https:\/\/mekongxanh.vn\/en\/product\/poly-aluminium-chloride-31-pac\/","og_site_name":"C\u00f4ng ty C\u1ed5 ph\u1ea7n M\u00f4i tr\u01b0\u1eddng M\u00ea K\u00f4ng Xanh","article_publisher":"https:\/\/www.facebook.com\/Cng-Ty-C-Phn-Mi-Trng-M-Kng-Xanh-111883474894318","article_modified_time":"2022-07-04T09:48:34+00:00","og_image":[{"width":2048,"height":2048,"url":"https:\/\/mekongxanh.vn\/wp-content\/uploads\/2022\/05\/pac-n_1631606857_1631698039.jpg","type":"image\/jpeg"}],"twitter_card":"summary_large_image","twitter_misc":{"Est. reading time":"3 minutes"},"schema":{"@context":"https:\/\/schema.org","@graph":[{"@type":"WebPage","@id":"https:\/\/mekongxanh.vn\/san-pham\/poly-aluminium-chloride-31-pac\/","url":"https:\/\/mekongxanh.vn\/san-pham\/poly-aluminium-chloride-31-pac\/","name":"Poly Aluminium Chloride 31% (PAC) - C\u00f4ng ty C\u1ed5 ph\u1ea7n M\u00f4i tr\u01b0\u1eddng M\u00ea K\u00f4ng Xanh","isPartOf":{"@id":"https:\/\/mekongxanh.vn\/#website"},"primaryImageOfPage":{"@id":"https:\/\/mekongxanh.vn\/san-pham\/poly-aluminium-chloride-31-pac\/#primaryimage"},"image":{"@id":"https:\/\/mekongxanh.vn\/san-pham\/poly-aluminium-chloride-31-pac\/#primaryimage"},"thumbnailUrl":"https:\/\/mekongxanh.vn\/wp-content\/uploads\/2022\/05\/pac-n_1631606857_1631698039.jpg","datePublished":"2022-05-16T10:42:43+00:00","dateModified":"2022-07-04T09:48:34+00:00","breadcrumb":{"@id":"https:\/\/mekongxanh.vn\/san-pham\/poly-aluminium-chloride-31-pac\/#breadcrumb"},"inLanguage":"en-US","potentialAction":[{"@type":"ReadAction","target":["https:\/\/mekongxanh.vn\/san-pham\/poly-aluminium-chloride-31-pac\/"]}]},{"@type":"ImageObject","inLanguage":"en-US","@id":"https:\/\/mekongxanh.vn\/san-pham\/poly-aluminium-chloride-31-pac\/#primaryimage","url":"https:\/\/mekongxanh.vn\/wp-content\/uploads\/2022\/05\/pac-n_1631606857_1631698039.jpg","contentUrl":"https:\/\/mekongxanh.vn\/wp-content\/uploads\/2022\/05\/pac-n_1631606857_1631698039.jpg","width":2048,"height":2048,"caption":"POLY ALUMINIUM CHLORIDE"},{"@type":"BreadcrumbList","@id":"https:\/\/mekongxanh.vn\/san-pham\/poly-aluminium-chloride-31-pac\/#breadcrumb","itemListElement":[{"@type":"ListItem","position":1,"name":"Trang ch\u1ee7","item":"https:\/\/mekongxanh.vn\/"},{"@type":"ListItem","position":2,"name":"C\u1eeda h\u00e0ng","item":"https:\/\/mekongxanh.vn\/cua-hang\/"},{"@type":"ListItem","position":3,"name":"Poly Aluminium Chloride 31% (PAC)"}]},{"@type":"WebSite","@id":"https:\/\/mekongxanh.vn\/#website","url":"https:\/\/mekongxanh.vn\/","name":"C\u00f4ng ty C\u1ed5 ph\u1ea7n M\u00f4i tr\u01b0\u1eddng M\u00ea K\u00f4ng Xanh","description":"","publisher":{"@id":"https:\/\/mekongxanh.vn\/#organization"},"potentialAction":[{"@type":"SearchAction","target":{"@type":"EntryPoint","urlTemplate":"https:\/\/mekongxanh.vn\/?s={search_term_string}"},"query-input":{"@type":"PropertyValueSpecification","valueRequired":true,"valueName":"search_term_string"}}],"inLanguage":"en-US"},{"@type":"Organization","@id":"https:\/\/mekongxanh.vn\/#organization","name":"C\u00f4ng Ty C\u1ed5 Ph\u1ea7n M\u00f4i Tr\u01b0\u1eddng M\u00ea K\u00f4ng Xanh","url":"https:\/\/mekongxanh.vn\/","logo":{"@type":"ImageObject","inLanguage":"en-US","@id":"https:\/\/mekongxanh.vn\/#\/schema\/logo\/image\/","url":"https:\/\/mekongxanh.vn\/wp-content\/uploads\/2022\/05\/LOGO-MOI.png","contentUrl":"https:\/\/mekongxanh.vn\/wp-content\/uploads\/2022\/05\/LOGO-MOI.png","width":2977,"height":897,"caption":"C\u00f4ng Ty C\u1ed5 Ph\u1ea7n M\u00f4i Tr\u01b0\u1eddng M\u00ea K\u00f4ng Xanh"},"image":{"@id":"https:\/\/mekongxanh.vn\/#\/schema\/logo\/image\/"},"sameAs":["https:\/\/www.facebook.com\/Cng-Ty-C-Phn-Mi-Trng-M-Kng-Xanh-111883474894318"]}]}},"_links":{"self":[{"href":"https:\/\/mekongxanh.vn\/en\/wp-json\/wp\/v2\/product\/336","targetHints":{"allow":["GET"]}}],"collection":[{"href":"https:\/\/mekongxanh.vn\/en\/wp-json\/wp\/v2\/product"}],"about":[{"href":"https:\/\/mekongxanh.vn\/en\/wp-json\/wp\/v2\/types\/product"}],"replies":[{"embeddable":true,"href":"https:\/\/mekongxanh.vn\/en\/wp-json\/wp\/v2\/comments?post=336"}],"wp:featuredmedia":[{"embeddable":true,"href":"https:\/\/mekongxanh.vn\/en\/wp-json\/wp\/v2\/media\/2521"}],"wp:attachment":[{"href":"https:\/\/mekongxanh.vn\/en\/wp-json\/wp\/v2\/media?parent=336"}],"wp:term":[{"taxonomy":"product_cat","embeddable":true,"href":"https:\/\/mekongxanh.vn\/en\/wp-json\/wp\/v2\/product_cat?post=336"},{"taxonomy":"product_tag","embeddable":true,"href":"https:\/\/mekongxanh.vn\/en\/wp-json\/wp\/v2\/product_tag?post=336"}],"curies":[{"name":"wp","href":"https:\/\/api.w.org\/{rel}","templated":true}]}}