{"id":348,"date":"2022-05-16T17:47:00","date_gmt":"2022-05-16T10:47:00","guid":{"rendered":"https:\/\/mekongxanh.vn\/?post_type=product&#038;p=348"},"modified":"2022-07-04T15:48:48","modified_gmt":"2022-07-04T08:48:48","slug":"hoa-chat-naoh","status":"publish","type":"product","link":"https:\/\/mekongxanh.vn\/en\/product\/hoa-chat-naoh\/","title":{"rendered":"Caustic Soda Flakes \u2013 NaOH \u2013 Caustic Soda Flakes"},"content":{"rendered":"<h2 class=\"product-name\">NaOH \u2013 Caustic Soda Flakes<\/h2>\n<div class=\"manufacturers\"><\/div>\n<div class=\"manufacturers\">\n<p>\u00a0<b>+ Basic information<\/b><\/p>\n<p>\u2013 Formula: NaOH 98 % \u2013 99%<\/p>\n<p>\u2013 Appearance: scaly, transparent white eyebrows<\/p>\n<p>\u2013 Origin: China \u2013 Taiwan<\/p>\n<p>+<strong>\u00a0Nature<\/strong><\/p>\n<p>NaOH is a colorless crystalline mass. Specific gravity 2.02. Fast CO . absorption<sub>2<\/sub>\u00a0and the water of the air, melted and turned into Na<sub>2<\/sub>CO<sub>3<\/sub>. Melting point 327.6 \u00b1 0.9<sup>o<\/sup>C. Boiling point 1388<sup>o<\/sup>C. Easily soluble in water, sparingly soluble in alcohol and insoluble in ether.<\/p>\n<p>\u2013 NaOH falling on cotton, cloth, paper \u2026 will rot. Leaving it open to the air will absorb CO .<sub>2<\/sub>, forming Na<sub>2<\/sub>CO<sub>3<\/sub>. NaOH is a strong base.<\/p>\n<p><strong>+ Uses<\/strong><\/p>\n<p>- Used in soap and paper industry<\/p>\n<p>\u2013 Remove fabric, yarn, dyeing accessories.<\/p>\n<p>\u2013 Handling grease, manufacturing and charging alkaline batteries.<\/p>\n<p>- Processing pharmaceuticals, food.<\/p>\n<p>- Water treatment .<\/p>\n<p><strong>+ Packaging and preservation<\/strong><\/p>\n<p>\u2013 Contained in sacks, PP bags with PE layer inside. Keep away from acids and cellulose containing products.<\/p>\n<p>- When in direct contact, must wear labor protection equipment, avoid splashing into eyes and skin.<\/p>\n<\/div>","protected":false},"excerpt":{"rendered":"<p>Chemical Formula : NaOH<\/p>\n<p>Chemical content: 99%<\/p>\n<p>Origin: China\/Taiwan<\/p>\n<p>Packing: 25Kg\/1bag<\/p>","protected":false},"featured_media":2520,"comment_status":"open","ping_status":"closed","template":"","meta":{"site-sidebar-layout":"default","site-content-layout":"default","ast-global-header-display":"","ast-main-header-display":"","ast-hfb-above-header-display":"","ast-hfb-below-header-display":"","ast-hfb-mobile-header-display":"","site-post-title":"","ast-breadcrumbs-content":"","ast-featured-img":"","footer-sml-layout":"","theme-transparent-header-meta":"default","adv-header-id-meta":"","stick-header-meta":"default","header-above-stick-meta":"","header-main-stick-meta":"","header-below-stick-meta":""},"product_cat":[16],"product_tag":[],"class_list":{"0":"post-348","1":"product","2":"type-product","3":"status-publish","4":"has-post-thumbnail","6":"product_cat-hoa-chat-xu-ly-moi-truong","7":"align-center","8":"box-shadow-0","9":"box-shadow-0-hover","10":"ast-product-gallery-layout-horizontal","11":"ast-product-gallery-with-no-image","12":"ast-product-tabs-layout-horizontal","14":"first","15":"instock","16":"shipping-taxable","17":"product-type-simple"},"yoast_head":"<!-- This site is optimized with the Yoast SEO plugin v24.0 - https:\/\/yoast.com\/wordpress\/plugins\/seo\/ -->\n<title>Caustic Soda Flakes - NaOH - X\u00fat V\u1ea3y - C\u00f4ng ty C\u1ed5 ph\u1ea7n M\u00f4i tr\u01b0\u1eddng M\u00ea K\u00f4ng Xanh<\/title>\n<meta name=\"robots\" content=\"index, follow, max-snippet:-1, max-image-preview:large, max-video-preview:-1\" \/>\n<link rel=\"canonical\" href=\"https:\/\/mekongxanh.vn\/en\/product\/hoa-chat-naoh\/\" \/>\n<meta property=\"og:locale\" content=\"en_US\" \/>\n<meta property=\"og:type\" content=\"article\" \/>\n<meta property=\"og:title\" content=\"Caustic Soda Flakes - NaOH - X\u00fat V\u1ea3y - C\u00f4ng ty C\u1ed5 ph\u1ea7n M\u00f4i tr\u01b0\u1eddng M\u00ea K\u00f4ng Xanh\" \/>\n<meta property=\"og:description\" content=\"C\u00f4ng Th\u1ee9c H\u00f3a H\u1ecdc : NaOH  H\u00e0m l\u01b0\u1ee3ng h\u00f3a ch\u1ea5t : 99%  Xu\u1ea5t x\u1ee9 : Trung Qu\u1ed1c\/\u0110\u00e0i Loan  \u0110\u00f3ng g\u00f3i : 25Kg\/1bao\" \/>\n<meta property=\"og:url\" content=\"https:\/\/mekongxanh.vn\/en\/product\/hoa-chat-naoh\/\" \/>\n<meta property=\"og:site_name\" content=\"C\u00f4ng ty C\u1ed5 ph\u1ea7n M\u00f4i tr\u01b0\u1eddng M\u00ea K\u00f4ng Xanh\" \/>\n<meta property=\"article:publisher\" content=\"https:\/\/www.facebook.com\/Cng-Ty-C-Phn-Mi-Trng-M-Kng-Xanh-111883474894318\" \/>\n<meta property=\"article:modified_time\" content=\"2022-07-04T08:48:48+00:00\" \/>\n<meta property=\"og:image\" content=\"https:\/\/mekongxanh.vn\/wp-content\/uploads\/2022\/05\/Caustic-Soda-Flakes-1.jpg\" \/>\n\t<meta property=\"og:image:width\" content=\"2048\" \/>\n\t<meta property=\"og:image:height\" content=\"1152\" \/>\n\t<meta property=\"og:image:type\" content=\"image\/jpeg\" \/>\n<meta name=\"twitter:card\" content=\"summary_large_image\" \/>\n<meta name=\"twitter:label1\" content=\"Est. reading time\" \/>\n\t<meta name=\"twitter:data1\" content=\"1 minute\" \/>\n<script type=\"application\/ld+json\" class=\"yoast-schema-graph\">{\"@context\":\"https:\/\/schema.org\",\"@graph\":[{\"@type\":\"WebPage\",\"@id\":\"https:\/\/mekongxanh.vn\/san-pham\/hoa-chat-naoh\/\",\"url\":\"https:\/\/mekongxanh.vn\/san-pham\/hoa-chat-naoh\/\",\"name\":\"Caustic Soda Flakes - NaOH - X\u00fat V\u1ea3y - C\u00f4ng ty C\u1ed5 ph\u1ea7n M\u00f4i tr\u01b0\u1eddng M\u00ea K\u00f4ng Xanh\",\"isPartOf\":{\"@id\":\"https:\/\/mekongxanh.vn\/#website\"},\"primaryImageOfPage\":{\"@id\":\"https:\/\/mekongxanh.vn\/san-pham\/hoa-chat-naoh\/#primaryimage\"},\"image\":{\"@id\":\"https:\/\/mekongxanh.vn\/san-pham\/hoa-chat-naoh\/#primaryimage\"},\"thumbnailUrl\":\"https:\/\/mekongxanh.vn\/wp-content\/uploads\/2022\/05\/Caustic-Soda-Flakes-1.jpg\",\"datePublished\":\"2022-05-16T10:47:00+00:00\",\"dateModified\":\"2022-07-04T08:48:48+00:00\",\"breadcrumb\":{\"@id\":\"https:\/\/mekongxanh.vn\/san-pham\/hoa-chat-naoh\/#breadcrumb\"},\"inLanguage\":\"en-US\",\"potentialAction\":[{\"@type\":\"ReadAction\",\"target\":[\"https:\/\/mekongxanh.vn\/san-pham\/hoa-chat-naoh\/\"]}]},{\"@type\":\"ImageObject\",\"inLanguage\":\"en-US\",\"@id\":\"https:\/\/mekongxanh.vn\/san-pham\/hoa-chat-naoh\/#primaryimage\",\"url\":\"https:\/\/mekongxanh.vn\/wp-content\/uploads\/2022\/05\/Caustic-Soda-Flakes-1.jpg\",\"contentUrl\":\"https:\/\/mekongxanh.vn\/wp-content\/uploads\/2022\/05\/Caustic-Soda-Flakes-1.jpg\",\"width\":2048,\"height\":1152,\"caption\":\"NaOH, Causit Soda Flakes, X\u00fat, X\u00fat V\u1ea3y, X\u00fat V\u1ea3y 99%\"},{\"@type\":\"BreadcrumbList\",\"@id\":\"https:\/\/mekongxanh.vn\/san-pham\/hoa-chat-naoh\/#breadcrumb\",\"itemListElement\":[{\"@type\":\"ListItem\",\"position\":1,\"name\":\"Trang ch\u1ee7\",\"item\":\"https:\/\/mekongxanh.vn\/\"},{\"@type\":\"ListItem\",\"position\":2,\"name\":\"C\u1eeda h\u00e0ng\",\"item\":\"https:\/\/mekongxanh.vn\/cua-hang\/\"},{\"@type\":\"ListItem\",\"position\":3,\"name\":\"Caustic Soda Flakes &#8211; NaOH &#8211; X\u00fat V\u1ea3y\"}]},{\"@type\":\"WebSite\",\"@id\":\"https:\/\/mekongxanh.vn\/#website\",\"url\":\"https:\/\/mekongxanh.vn\/\",\"name\":\"C\u00f4ng ty C\u1ed5 ph\u1ea7n M\u00f4i tr\u01b0\u1eddng M\u00ea K\u00f4ng Xanh\",\"description\":\"\",\"publisher\":{\"@id\":\"https:\/\/mekongxanh.vn\/#organization\"},\"potentialAction\":[{\"@type\":\"SearchAction\",\"target\":{\"@type\":\"EntryPoint\",\"urlTemplate\":\"https:\/\/mekongxanh.vn\/?s={search_term_string}\"},\"query-input\":{\"@type\":\"PropertyValueSpecification\",\"valueRequired\":true,\"valueName\":\"search_term_string\"}}],\"inLanguage\":\"en-US\"},{\"@type\":\"Organization\",\"@id\":\"https:\/\/mekongxanh.vn\/#organization\",\"name\":\"C\u00f4ng Ty C\u1ed5 Ph\u1ea7n M\u00f4i Tr\u01b0\u1eddng M\u00ea K\u00f4ng Xanh\",\"url\":\"https:\/\/mekongxanh.vn\/\",\"logo\":{\"@type\":\"ImageObject\",\"inLanguage\":\"en-US\",\"@id\":\"https:\/\/mekongxanh.vn\/#\/schema\/logo\/image\/\",\"url\":\"https:\/\/mekongxanh.vn\/wp-content\/uploads\/2022\/05\/LOGO-MOI.png\",\"contentUrl\":\"https:\/\/mekongxanh.vn\/wp-content\/uploads\/2022\/05\/LOGO-MOI.png\",\"width\":2977,\"height\":897,\"caption\":\"C\u00f4ng Ty C\u1ed5 Ph\u1ea7n M\u00f4i Tr\u01b0\u1eddng M\u00ea K\u00f4ng Xanh\"},\"image\":{\"@id\":\"https:\/\/mekongxanh.vn\/#\/schema\/logo\/image\/\"},\"sameAs\":[\"https:\/\/www.facebook.com\/Cng-Ty-C-Phn-Mi-Trng-M-Kng-Xanh-111883474894318\"]}]}<\/script>\n<!-- \/ Yoast SEO plugin. -->","yoast_head_json":{"title":"Caustic Soda Flakes - NaOH - X\u00fat V\u1ea3y - C\u00f4ng ty C\u1ed5 ph\u1ea7n M\u00f4i tr\u01b0\u1eddng M\u00ea K\u00f4ng Xanh","robots":{"index":"index","follow":"follow","max-snippet":"max-snippet:-1","max-image-preview":"max-image-preview:large","max-video-preview":"max-video-preview:-1"},"canonical":"https:\/\/mekongxanh.vn\/en\/product\/hoa-chat-naoh\/","og_locale":"en_US","og_type":"article","og_title":"Caustic Soda Flakes - NaOH - X\u00fat V\u1ea3y - C\u00f4ng ty C\u1ed5 ph\u1ea7n M\u00f4i tr\u01b0\u1eddng M\u00ea K\u00f4ng Xanh","og_description":"C\u00f4ng Th\u1ee9c H\u00f3a H\u1ecdc : NaOH  H\u00e0m l\u01b0\u1ee3ng h\u00f3a ch\u1ea5t : 99%  Xu\u1ea5t x\u1ee9 : Trung Qu\u1ed1c\/\u0110\u00e0i Loan  \u0110\u00f3ng g\u00f3i : 25Kg\/1bao","og_url":"https:\/\/mekongxanh.vn\/en\/product\/hoa-chat-naoh\/","og_site_name":"C\u00f4ng ty C\u1ed5 ph\u1ea7n M\u00f4i tr\u01b0\u1eddng M\u00ea K\u00f4ng Xanh","article_publisher":"https:\/\/www.facebook.com\/Cng-Ty-C-Phn-Mi-Trng-M-Kng-Xanh-111883474894318","article_modified_time":"2022-07-04T08:48:48+00:00","og_image":[{"width":2048,"height":1152,"url":"https:\/\/mekongxanh.vn\/wp-content\/uploads\/2022\/05\/Caustic-Soda-Flakes-1.jpg","type":"image\/jpeg"}],"twitter_card":"summary_large_image","twitter_misc":{"Est. reading time":"1 minute"},"schema":{"@context":"https:\/\/schema.org","@graph":[{"@type":"WebPage","@id":"https:\/\/mekongxanh.vn\/san-pham\/hoa-chat-naoh\/","url":"https:\/\/mekongxanh.vn\/san-pham\/hoa-chat-naoh\/","name":"Caustic Soda Flakes - NaOH - X\u00fat V\u1ea3y - C\u00f4ng ty C\u1ed5 ph\u1ea7n M\u00f4i tr\u01b0\u1eddng M\u00ea K\u00f4ng Xanh","isPartOf":{"@id":"https:\/\/mekongxanh.vn\/#website"},"primaryImageOfPage":{"@id":"https:\/\/mekongxanh.vn\/san-pham\/hoa-chat-naoh\/#primaryimage"},"image":{"@id":"https:\/\/mekongxanh.vn\/san-pham\/hoa-chat-naoh\/#primaryimage"},"thumbnailUrl":"https:\/\/mekongxanh.vn\/wp-content\/uploads\/2022\/05\/Caustic-Soda-Flakes-1.jpg","datePublished":"2022-05-16T10:47:00+00:00","dateModified":"2022-07-04T08:48:48+00:00","breadcrumb":{"@id":"https:\/\/mekongxanh.vn\/san-pham\/hoa-chat-naoh\/#breadcrumb"},"inLanguage":"en-US","potentialAction":[{"@type":"ReadAction","target":["https:\/\/mekongxanh.vn\/san-pham\/hoa-chat-naoh\/"]}]},{"@type":"ImageObject","inLanguage":"en-US","@id":"https:\/\/mekongxanh.vn\/san-pham\/hoa-chat-naoh\/#primaryimage","url":"https:\/\/mekongxanh.vn\/wp-content\/uploads\/2022\/05\/Caustic-Soda-Flakes-1.jpg","contentUrl":"https:\/\/mekongxanh.vn\/wp-content\/uploads\/2022\/05\/Caustic-Soda-Flakes-1.jpg","width":2048,"height":1152,"caption":"NaOH, Causit Soda Flakes, X\u00fat, X\u00fat V\u1ea3y, X\u00fat V\u1ea3y 99%"},{"@type":"BreadcrumbList","@id":"https:\/\/mekongxanh.vn\/san-pham\/hoa-chat-naoh\/#breadcrumb","itemListElement":[{"@type":"ListItem","position":1,"name":"Trang ch\u1ee7","item":"https:\/\/mekongxanh.vn\/"},{"@type":"ListItem","position":2,"name":"C\u1eeda h\u00e0ng","item":"https:\/\/mekongxanh.vn\/cua-hang\/"},{"@type":"ListItem","position":3,"name":"Caustic Soda Flakes &#8211; NaOH &#8211; X\u00fat V\u1ea3y"}]},{"@type":"WebSite","@id":"https:\/\/mekongxanh.vn\/#website","url":"https:\/\/mekongxanh.vn\/","name":"C\u00f4ng ty C\u1ed5 ph\u1ea7n M\u00f4i tr\u01b0\u1eddng M\u00ea K\u00f4ng Xanh","description":"","publisher":{"@id":"https:\/\/mekongxanh.vn\/#organization"},"potentialAction":[{"@type":"SearchAction","target":{"@type":"EntryPoint","urlTemplate":"https:\/\/mekongxanh.vn\/?s={search_term_string}"},"query-input":{"@type":"PropertyValueSpecification","valueRequired":true,"valueName":"search_term_string"}}],"inLanguage":"en-US"},{"@type":"Organization","@id":"https:\/\/mekongxanh.vn\/#organization","name":"C\u00f4ng Ty C\u1ed5 Ph\u1ea7n M\u00f4i Tr\u01b0\u1eddng M\u00ea K\u00f4ng Xanh","url":"https:\/\/mekongxanh.vn\/","logo":{"@type":"ImageObject","inLanguage":"en-US","@id":"https:\/\/mekongxanh.vn\/#\/schema\/logo\/image\/","url":"https:\/\/mekongxanh.vn\/wp-content\/uploads\/2022\/05\/LOGO-MOI.png","contentUrl":"https:\/\/mekongxanh.vn\/wp-content\/uploads\/2022\/05\/LOGO-MOI.png","width":2977,"height":897,"caption":"C\u00f4ng Ty C\u1ed5 Ph\u1ea7n M\u00f4i Tr\u01b0\u1eddng M\u00ea K\u00f4ng Xanh"},"image":{"@id":"https:\/\/mekongxanh.vn\/#\/schema\/logo\/image\/"},"sameAs":["https:\/\/www.facebook.com\/Cng-Ty-C-Phn-Mi-Trng-M-Kng-Xanh-111883474894318"]}]}},"_links":{"self":[{"href":"https:\/\/mekongxanh.vn\/en\/wp-json\/wp\/v2\/product\/348","targetHints":{"allow":["GET"]}}],"collection":[{"href":"https:\/\/mekongxanh.vn\/en\/wp-json\/wp\/v2\/product"}],"about":[{"href":"https:\/\/mekongxanh.vn\/en\/wp-json\/wp\/v2\/types\/product"}],"replies":[{"embeddable":true,"href":"https:\/\/mekongxanh.vn\/en\/wp-json\/wp\/v2\/comments?post=348"}],"wp:featuredmedia":[{"embeddable":true,"href":"https:\/\/mekongxanh.vn\/en\/wp-json\/wp\/v2\/media\/2520"}],"wp:attachment":[{"href":"https:\/\/mekongxanh.vn\/en\/wp-json\/wp\/v2\/media?parent=348"}],"wp:term":[{"taxonomy":"product_cat","embeddable":true,"href":"https:\/\/mekongxanh.vn\/en\/wp-json\/wp\/v2\/product_cat?post=348"},{"taxonomy":"product_tag","embeddable":true,"href":"https:\/\/mekongxanh.vn\/en\/wp-json\/wp\/v2\/product_tag?post=348"}],"curies":[{"name":"wp","href":"https:\/\/api.w.org\/{rel}","templated":true}]}}